{"id":1742,"date":"2025-05-14T19:36:06","date_gmt":"2025-05-14T19:36:06","guid":{"rendered":"https:\/\/kinky-fetishescort.com\/ueber-uns\/"},"modified":"2026-01-13T19:05:50","modified_gmt":"2026-01-13T19:05:50","slug":"ueber-uns","status":"publish","type":"page","link":"https:\/\/kinky-fetishescort.com\/de\/ueber-uns\/","title":{"rendered":"\u00dcber uns"},"content":{"rendered":"\t\t<div data-elementor-type=\"wp-page\" data-elementor-id=\"1742\" class=\"elementor elementor-1742 elementor-11\" data-elementor-post-type=\"page\">\n\t\t\t\t<div class=\"elementor-element elementor-element-e89583b e-flex e-con-boxed e-con e-parent\" data-id=\"e89583b\" data-element_type=\"container\" data-settings=\"{&quot;background_background&quot;:&quot;slideshow&quot;,&quot;background_slideshow_gallery&quot;:[{&quot;id&quot;:1869,&quot;url&quot;:&quot;https:\\\/\\\/kinky-fetishescort.com\\\/wp-content\\\/uploads\\\/2025\\\/05\\\/01-hero.webp&quot;},{&quot;id&quot;:1870,&quot;url&quot;:&quot;https:\\\/\\\/kinky-fetishescort.com\\\/wp-content\\\/uploads\\\/2025\\\/05\\\/16-koko.webp&quot;},{&quot;id&quot;:1806,&quot;url&quot;:&quot;https:\\\/\\\/kinky-fetishescort.com\\\/wp-content\\\/uploads\\\/2025\\\/05\\\/05-eliza.webp&quot;},{&quot;id&quot;:1871,&quot;url&quot;:&quot;https:\\\/\\\/kinky-fetishescort.com\\\/wp-content\\\/uploads\\\/2025\\\/05\\\/05-xena.webp&quot;}],&quot;background_slideshow_ken_burns&quot;:&quot;yes&quot;,&quot;background_slideshow_loop&quot;:&quot;yes&quot;,&quot;background_slideshow_slide_duration&quot;:5000,&quot;background_slideshow_slide_transition&quot;:&quot;fade&quot;,&quot;background_slideshow_transition_duration&quot;:500,&quot;background_slideshow_ken_burns_zoom_direction&quot;:&quot;in&quot;}\">\n\t\t\t\t\t<div class=\"e-con-inner\">\n\t\t\t\t\t<\/div>\n\t\t\t\t<\/div>\n\t\t<div class=\"elementor-element elementor-element-e05305d e-flex e-con-boxed e-con e-parent\" data-id=\"e05305d\" data-element_type=\"container\">\n\t\t\t\t\t<div class=\"e-con-inner\">\n\t\t<div class=\"elementor-element elementor-element-d369950 e-con-full e-flex e-con e-child\" data-id=\"d369950\" data-element_type=\"container\">\n\t\t\t\t<div class=\"elementor-element elementor-element-530fd1b elementor-widget elementor-widget-heading\" data-id=\"530fd1b\" data-element_type=\"widget\" data-widget_type=\"heading.default\">\n\t\t\t\t<div class=\"elementor-widget-container\">\n\t\t\t\t\t<h1 class=\"elementor-heading-title elementor-size-default\">\u00dcber Kinky Fetishescort<\/h1>\t\t\t\t<\/div>\n\t\t\t\t<\/div>\n\t\t\t\t<div class=\"elementor-element elementor-element-046b62d elementor-widget-divider--view-line elementor-widget elementor-widget-divider\" data-id=\"046b62d\" data-element_type=\"widget\" data-widget_type=\"divider.default\">\n\t\t\t\t<div class=\"elementor-widget-container\">\n\t\t\t\t\t\t\t<div class=\"elementor-divider\">\n\t\t\t<span class=\"elementor-divider-separator\">\n\t\t\t\t\t\t<\/span>\n\t\t<\/div>\n\t\t\t\t\t\t<\/div>\n\t\t\t\t<\/div>\n\t\t\t\t<\/div>\n\t\t<div class=\"elementor-element elementor-element-8be9dbb e-con-full e-flex e-con e-child\" data-id=\"8be9dbb\" data-element_type=\"container\">\n\t\t\t\t<div class=\"elementor-element elementor-element-e9ab5c4 elementor-widget elementor-widget-heading\" data-id=\"e9ab5c4\" data-element_type=\"widget\" data-widget_type=\"heading.default\">\n\t\t\t\t<div class=\"elementor-widget-container\">\n\t\t\t\t\t<h2 class=\"elementor-heading-title elementor-size-default\">Eine Welt der Kinks, Eleganz &amp; Hingabe<\/h2>\t\t\t\t<\/div>\n\t\t\t\t<\/div>\n\t\t\t\t<div class=\"elementor-element elementor-element-3557025 elementor-widget elementor-widget-text-editor\" data-id=\"3557025\" data-element_type=\"widget\" data-widget_type=\"text-editor.default\">\n\t\t\t\t<div class=\"elementor-widget-container\">\n\t\t\t\t\t\t\t\t\t<div id=\"zBagcv\" class=\"text-box layout-element__component layout-element__component--GridTextBox\" data-v-5567603e=\"\" data-qa=\"gridtextbox:zbagcv\"><p class=\"body-large\" dir=\"auto\">Suchen Sie eine fesselnde weibliche Begleitung, die nicht nur Sch\u00f6nheit, sondern auch anregende Gespr\u00e4che und Intelligenz bietet?<br>Suchen Sie ein reizendes, gehorsames Escort mit tadellosen Manieren?<br>W\u00fcnschen Sie sich eine unterw\u00fcrfige Anh\u00e4ngerin, die Sie verw\u00f6hnt und Ihre tiefsten Fantasien erf\u00fcllt?<\/p><p class=\"body-large\" dir=\"auto\">Ob Sie sich eine erotische Begegnung mit einem faszinierenden Duo vorstellen, den Nervenkitzel eines Dreiers suchen oder ungew\u00f6hnliche, erotische Erfahrungen mit speziellen Materialien wie Latex oder Leder bevorzugen, wir haben das richtige Angebot f\u00fcr Sie.<\/p><p class=\"body-large\" dir=\"auto\">Ob Sie ein intimes Abenteuer mit einem fesselnden Duo, den Nervenkitzel eines Dreiers oder aufregende, exotische Erfahrungen mit bestimmten Materialien wie Latex oder Leder suchen, wir haben das perfekte Angebot f\u00fcr Sie.<\/p><p class=\"body-large\" dir=\"auto\">Oder haben Sie bizarre Impulse entdeckt, die Sie bisher nicht ausleben konnten und m\u00f6chten Sie Spa\u00df mit einer unterw\u00fcrfigen Spielgef\u00e4hrtin haben, die die Dinge auch umdrehen und die dominante Dame sein kann?<\/p><p class=\"body-large\" dir=\"auto\">Bei Kinky Fetishescort finden Sie die Dienerin Ihrer Fantasien, die Sie auf delikate Weise durch eine Welt dunkler, berauschender Sehns\u00fcchte und avantgardistischer Materialien f\u00fchrt. Unsere Escorts sind bemerkenswert sinnlich und leben ihre individuellen Leidenschaften mit wahrem Eifer aus. Ihre Neigungen sind authentisch, keine Inszenierung.  <\/p><p class=\"body-large\" dir=\"auto\">Bei Kinky Fetishescort treffen Sie die Dienerin Ihrer W\u00fcnsche, die Sie auf eine Reise in eine Welt dunkler, berauschender Bed\u00fcrfnisse und avantgardistischer Materialien f\u00fchrt. Unsere Escorts sind bemerkenswert sinnlich und bringen ihre ausgepr\u00e4gten Leidenschaften mit echter Begeisterung zum Ausdruck, da ihre Neigungen authentisch sind. Sie sind keine Inszenierung.  <\/p><p class=\"body-large\" dir=\"auto\">Unsere atemberaubenden Escorts werden mit Sorgfalt ausgew\u00e4hlt, um Exklusivit\u00e4t, Aufrichtigkeit und Kundenzufriedenheit zu gew\u00e4hrleisten. Diese anspruchsvollen Musen werden Sie nicht nur mit ihrer Sch\u00f6nheit und Eleganz, sondern auch mit ihrer Intelligenz und ihren fesselnden Gespr\u00e4chsf\u00e4higkeiten begeistern. Kinky Fetishescort erm\u00f6glicht es Ihnen, das unvergleichliche Vergn\u00fcgen reiner Liebe und Neigung zu erleben, sogar weltweit.  <\/p><p class=\"body-large\" dir=\"auto\">Kinky Fetishcort wird Ihre Fantasien Wirklichkeit werden lassen; dies ist eine Aufgabe, der wir uns voll und ganz verschrieben haben.<\/p><p class=\"body-large\" dir=\"auto\">Lassen Sie Ihre Tr\u00e4ume wahr werden!<\/p><\/div>\t\t\t\t\t\t\t\t<\/div>\n\t\t\t\t<\/div>\n\t\t\t\t<div class=\"elementor-element elementor-element-02f3677 elementor-headline--style-highlight elementor-widget elementor-widget-animated-headline\" data-id=\"02f3677\" data-element_type=\"widget\" data-settings=\"{&quot;marker&quot;:&quot;underline&quot;,&quot;highlighted_text&quot;:&quot;Corinna&quot;,&quot;headline_style&quot;:&quot;highlight&quot;,&quot;highlight_animation_duration&quot;:1200}\" data-widget_type=\"animated-headline.default\">\n\t\t\t\t<div class=\"elementor-widget-container\">\n\t\t\t\t\t\t\t<h3 class=\"elementor-headline\">\n\t\t\t\t<span class=\"elementor-headline-dynamic-wrapper elementor-headline-text-wrapper\">\n\t\t\t\t\t<span class=\"elementor-headline-dynamic-text elementor-headline-text-active\">Corinna<\/span>\n\t\t\t\t<\/span>\n\t\t\t\t<\/h3>\n\t\t\t\t\t\t<\/div>\n\t\t\t\t<\/div>\n\t\t\t\t<\/div>\n\t\t\t\t\t<\/div>\n\t\t\t\t<\/div>\n\t\t<div class=\"elementor-element elementor-element-b345251 e-flex e-con-boxed e-con e-parent\" data-id=\"b345251\" data-element_type=\"container\">\n\t\t\t\t\t<div class=\"e-con-inner\">\n\t\t\t\t<div class=\"elementor-element elementor-element-3b023a3 elementor-widget elementor-widget-heading\" data-id=\"3b023a3\" data-element_type=\"widget\" id=\"next\" data-widget_type=\"heading.default\">\n\t\t\t\t<div class=\"elementor-widget-container\">\n\t\t\t\t\t<h2 class=\"elementor-heading-title elementor-size-default\">Finden Sie, was Sie suchen ...<\/h2>\t\t\t\t<\/div>\n\t\t\t\t<\/div>\n\t\t<div class=\"elementor-element elementor-element-714c1ef e-con-full e-flex e-con e-child\" data-id=\"714c1ef\" data-element_type=\"container\">\n\t\t\t\t<div class=\"elementor-element elementor-element-e2343dd elementor-position-top elementor-widget elementor-widget-image-box\" data-id=\"e2343dd\" data-element_type=\"widget\" data-widget_type=\"image-box.default\">\n\t\t\t\t<div class=\"elementor-widget-container\">\n\t\t\t\t\t<div class=\"elementor-image-box-wrapper\"><figure class=\"elementor-image-box-img\"><a href=\"https:\/\/kinky-fetishescort.com\/de\/\" tabindex=\"-1\"><img decoding=\"async\" src=\"https:\/\/kinky-fetishescort.com\/wp-content\/uploads\/elementor\/thumbs\/14-eliza-r63tds7ve8ukvjo54f3ed309w2ng6b1rxe665k6zho.webp\" title=\"14-eliza\" alt=\"Verf\u00fchrerisches Fetisch Escort Model Eliza in einem durchsichtigen Latex-Outfit, elegant sitzend und ihren Blick w\u00e4hrend eines erotischen Fotoshootings zur Seite wendend\" loading=\"lazy\" \/><\/a><\/figure><div class=\"elementor-image-box-content\"><h3 class=\"elementor-image-box-title\"><a href=\"https:\/\/kinky-fetishescort.com\/de\/\">Kinky Fetisch-Escorts<\/a><\/h3><\/div><\/div>\t\t\t\t<\/div>\n\t\t\t\t<\/div>\n\t\t\t\t<div class=\"elementor-element elementor-element-531727e elementor-position-top elementor-widget elementor-widget-image-box\" data-id=\"531727e\" data-element_type=\"widget\" data-widget_type=\"image-box.default\">\n\t\t\t\t<div class=\"elementor-widget-container\">\n\t\t\t\t\t<div class=\"elementor-image-box-wrapper\"><figure class=\"elementor-image-box-img\"><a href=\"https:\/\/kinky-fetishescort.com\/de\/kinky-abenteuer\/\" tabindex=\"-1\"><img decoding=\"async\" src=\"https:\/\/kinky-fetishescort.com\/wp-content\/uploads\/elementor\/thumbs\/01-koko-scaled-r63rkasn9r7g1isfi432nlw81pevxf2yxa0ejlacz0.webp\" title=\"01-koko\" alt=\"Escort Model Koko von hinten auf H\u00fcfth\u00f6he gesehen, nackt bis auf goldenen Tanga und Handschellen, H\u00e4nde hinter ihrem R\u00fccken gefesselt, die einen Butt Plug h\u00e4lt, in einer provokativen Bondage-Szene\" loading=\"lazy\" \/><\/a><\/figure><div class=\"elementor-image-box-content\"><h3 class=\"elementor-image-box-title\"><a href=\"https:\/\/kinky-fetishescort.com\/de\/kinky-abenteuer\/\">Kinky Abenteuer<\/a><\/h3><\/div><\/div>\t\t\t\t<\/div>\n\t\t\t\t<\/div>\n\t\t\t\t<div class=\"elementor-element elementor-element-de31521 elementor-position-top elementor-widget elementor-widget-image-box\" data-id=\"de31521\" data-element_type=\"widget\" data-widget_type=\"image-box.default\">\n\t\t\t\t<div class=\"elementor-widget-container\">\n\t\t\t\t\t<div class=\"elementor-image-box-wrapper\"><figure class=\"elementor-image-box-img\"><a href=\"https:\/\/kinky-fetishescort.com\/de\/stadtfuehrer\/\" tabindex=\"-1\"><img decoding=\"async\" src=\"https:\/\/kinky-fetishescort.com\/wp-content\/uploads\/elementor\/thumbs\/03-meghan-r63qngbog68qc2i1awyeiwacqzb4y6on2pbkthzmek.webp\" title=\"03-meghan\" alt=\"Escort Model Meghan in durchsichtiger roter Lingerie und offenem wei\u00dfen Hemd, posiert verf\u00fchrerisch f\u00fcr ein sinnliches Fotoshooting\" loading=\"lazy\" \/><\/a><\/figure><div class=\"elementor-image-box-content\"><h3 class=\"elementor-image-box-title\"><a href=\"https:\/\/kinky-fetishescort.com\/de\/stadtfuehrer\/\">Stadtf\u00fchrer<\/a><\/h3><\/div><\/div>\t\t\t\t<\/div>\n\t\t\t\t<\/div>\n\t\t\t\t<\/div>\n\t\t\t\t\t<\/div>\n\t\t\t\t<\/div>\n\t\t\t\t<\/div>\n\t\t","protected":false},"excerpt":{"rendered":"<p>\u00dcber Kinky Fetishescort Eine Welt der Kinks, Eleganz &amp; Hingabe Suchen Sie eine fesselnde weibliche Begleitung, die nicht nur Sch\u00f6nheit, sondern auch anregende Gespr\u00e4che und Intelligenz bietet?Suchen Sie ein reizendes, gehorsames Escort mit tadellosen Manieren?W\u00fcnschen Sie sich eine unterw\u00fcrfige Anh\u00e4ngerin, die Sie verw\u00f6hnt und Ihre tiefsten Fantasien erf\u00fcllt? Ob Sie sich eine erotische Begegnung mit [&hellip;]<\/p>\n","protected":false},"author":2,"featured_media":0,"parent":0,"menu_order":0,"comment_status":"closed","ping_status":"closed","template":"","meta":{"_acf_changed":false,"footnotes":""},"class_list":["post-1742","page","type-page","status-publish","hentry"],"acf":[],"yoast_head":"<!-- This site is optimized with the Yoast SEO plugin v26.7 - https:\/\/yoast.com\/wordpress\/plugins\/seo\/ -->\n<title>\u00dcber uns - Kinky Fetishescort<\/title>\n<meta name=\"description\" content=\"Erfahren Sie mehr \u00fcber unsere Escortagentur und unser Engagement f\u00fcr luxuri\u00f6se, personalisierte und diskrete Erlebnisse. Entdecken Sie das Team hinter unseren exklusiven Kinky Fetishescorts und unser Engagement, Ihre Fantasien zu erf\u00fcllen.\" \/>\n<meta name=\"robots\" content=\"index, follow, max-snippet:-1, max-image-preview:large, max-video-preview:-1\" \/>\n<link rel=\"canonical\" href=\"https:\/\/kinky-fetishescort.com\/de\/ueber-uns\/\" \/>\n<meta property=\"og:locale\" content=\"de_DE\" \/>\n<meta property=\"og:type\" content=\"article\" \/>\n<meta property=\"og:title\" content=\"\u00dcber uns - Kinky Fetishescort\" \/>\n<meta property=\"og:description\" content=\"Erfahren Sie mehr \u00fcber unsere Escortagentur und unser Engagement f\u00fcr luxuri\u00f6se, personalisierte und diskrete Erlebnisse. Entdecken Sie das Team hinter unseren exklusiven Kinky Fetishescorts und unser Engagement, Ihre Fantasien zu erf\u00fcllen.\" \/>\n<meta property=\"og:url\" content=\"https:\/\/kinky-fetishescort.com\/de\/ueber-uns\/\" \/>\n<meta property=\"og:site_name\" content=\"Kinky Fetishescort\" \/>\n<meta property=\"article:modified_time\" content=\"2026-01-13T19:05:50+00:00\" \/>\n<meta property=\"og:image\" content=\"https:\/\/kinky-fetishescort.com\/wp-content\/uploads\/elementor\/thumbs\/14-eliza-r63tds7ve8ukvjo54f3ed309w2ng6b1rxe665k6zho.webp\" \/>\n<meta name=\"twitter:card\" content=\"summary_large_image\" \/>\n<meta name=\"twitter:label1\" content=\"Gesch\u00e4tzte Lesezeit\" \/>\n\t<meta name=\"twitter:data1\" content=\"2\u00a0Minuten\" \/>\n<script type=\"application\/ld+json\" class=\"yoast-schema-graph\">{\"@context\":\"https:\/\/schema.org\",\"@graph\":[{\"@type\":\"WebPage\",\"@id\":\"https:\/\/kinky-fetishescort.com\/de\/ueber-uns\/\",\"url\":\"https:\/\/kinky-fetishescort.com\/de\/ueber-uns\/\",\"name\":\"\u00dcber uns - Kinky Fetishescort\",\"isPartOf\":{\"@id\":\"https:\/\/kinky-fetishescort.com\/de\/#website\"},\"primaryImageOfPage\":{\"@id\":\"https:\/\/kinky-fetishescort.com\/de\/ueber-uns\/#primaryimage\"},\"image\":{\"@id\":\"https:\/\/kinky-fetishescort.com\/de\/ueber-uns\/#primaryimage\"},\"thumbnailUrl\":\"https:\/\/kinky-fetishescort.com\/wp-content\/uploads\/elementor\/thumbs\/14-eliza-r63tds7ve8ukvjo54f3ed309w2ng6b1rxe665k6zho.webp\",\"datePublished\":\"2025-05-14T19:36:06+00:00\",\"dateModified\":\"2026-01-13T19:05:50+00:00\",\"description\":\"Erfahren Sie mehr \u00fcber unsere Escortagentur und unser Engagement f\u00fcr luxuri\u00f6se, personalisierte und diskrete Erlebnisse. Entdecken Sie das Team hinter unseren exklusiven Kinky Fetishescorts und unser Engagement, Ihre Fantasien zu erf\u00fcllen.\",\"breadcrumb\":{\"@id\":\"https:\/\/kinky-fetishescort.com\/de\/ueber-uns\/#breadcrumb\"},\"inLanguage\":\"de\",\"potentialAction\":[{\"@type\":\"ReadAction\",\"target\":[\"https:\/\/kinky-fetishescort.com\/de\/ueber-uns\/\"]}]},{\"@type\":\"ImageObject\",\"inLanguage\":\"de\",\"@id\":\"https:\/\/kinky-fetishescort.com\/de\/ueber-uns\/#primaryimage\",\"url\":\"https:\/\/kinky-fetishescort.com\/wp-content\/uploads\/elementor\/thumbs\/14-eliza-r63tds7ve8ukvjo54f3ed309w2ng6b1rxe665k6zho.webp\",\"contentUrl\":\"https:\/\/kinky-fetishescort.com\/wp-content\/uploads\/elementor\/thumbs\/14-eliza-r63tds7ve8ukvjo54f3ed309w2ng6b1rxe665k6zho.webp\"},{\"@type\":\"BreadcrumbList\",\"@id\":\"https:\/\/kinky-fetishescort.com\/de\/ueber-uns\/#breadcrumb\",\"itemListElement\":[{\"@type\":\"ListItem\",\"position\":1,\"name\":\"Home\",\"item\":\"https:\/\/kinky-fetishescort.com\/de\/kinky-fetishescorts\/\"},{\"@type\":\"ListItem\",\"position\":2,\"name\":\"\u00dcber uns\"}]},{\"@type\":\"WebSite\",\"@id\":\"https:\/\/kinky-fetishescort.com\/de\/#website\",\"url\":\"https:\/\/kinky-fetishescort.com\/de\/\",\"name\":\"Kinky Fetishescort\",\"description\":\"\",\"publisher\":{\"@id\":\"https:\/\/kinky-fetishescort.com\/de\/#organization\"},\"potentialAction\":[{\"@type\":\"SearchAction\",\"target\":{\"@type\":\"EntryPoint\",\"urlTemplate\":\"https:\/\/kinky-fetishescort.com\/de\/?s={search_term_string}\"},\"query-input\":{\"@type\":\"PropertyValueSpecification\",\"valueRequired\":true,\"valueName\":\"search_term_string\"}}],\"inLanguage\":\"de\"},{\"@type\":\"Organization\",\"@id\":\"https:\/\/kinky-fetishescort.com\/de\/#organization\",\"name\":\"Kinky Fetishescort\",\"url\":\"https:\/\/kinky-fetishescort.com\/de\/\",\"logo\":{\"@type\":\"ImageObject\",\"inLanguage\":\"de\",\"@id\":\"https:\/\/kinky-fetishescort.com\/de\/#\/schema\/logo\/image\/\",\"url\":\"https:\/\/kinky-fetishescort.com\/wp-content\/uploads\/2025\/09\/Logo-Kinky-Fetishescort.png\",\"contentUrl\":\"https:\/\/kinky-fetishescort.com\/wp-content\/uploads\/2025\/09\/Logo-Kinky-Fetishescort.png\",\"width\":450,\"height\":100,\"caption\":\"Kinky Fetishescort\"},\"image\":{\"@id\":\"https:\/\/kinky-fetishescort.com\/de\/#\/schema\/logo\/image\/\"}}]}<\/script>\n<!-- \/ Yoast SEO plugin. -->","yoast_head_json":{"title":"\u00dcber uns - Kinky Fetishescort","description":"Erfahren Sie mehr \u00fcber unsere Escortagentur und unser Engagement f\u00fcr luxuri\u00f6se, personalisierte und diskrete Erlebnisse. Entdecken Sie das Team hinter unseren exklusiven Kinky Fetishescorts und unser Engagement, Ihre Fantasien zu erf\u00fcllen.","robots":{"index":"index","follow":"follow","max-snippet":"max-snippet:-1","max-image-preview":"max-image-preview:large","max-video-preview":"max-video-preview:-1"},"canonical":"https:\/\/kinky-fetishescort.com\/de\/ueber-uns\/","og_locale":"de_DE","og_type":"article","og_title":"\u00dcber uns - Kinky Fetishescort","og_description":"Erfahren Sie mehr \u00fcber unsere Escortagentur und unser Engagement f\u00fcr luxuri\u00f6se, personalisierte und diskrete Erlebnisse. Entdecken Sie das Team hinter unseren exklusiven Kinky Fetishescorts und unser Engagement, Ihre Fantasien zu erf\u00fcllen.","og_url":"https:\/\/kinky-fetishescort.com\/de\/ueber-uns\/","og_site_name":"Kinky Fetishescort","article_modified_time":"2026-01-13T19:05:50+00:00","og_image":[{"url":"https:\/\/kinky-fetishescort.com\/wp-content\/uploads\/elementor\/thumbs\/14-eliza-r63tds7ve8ukvjo54f3ed309w2ng6b1rxe665k6zho.webp","type":"","width":"","height":""}],"twitter_card":"summary_large_image","twitter_misc":{"Gesch\u00e4tzte Lesezeit":"2\u00a0Minuten"},"schema":{"@context":"https:\/\/schema.org","@graph":[{"@type":"WebPage","@id":"https:\/\/kinky-fetishescort.com\/de\/ueber-uns\/","url":"https:\/\/kinky-fetishescort.com\/de\/ueber-uns\/","name":"\u00dcber uns - Kinky Fetishescort","isPartOf":{"@id":"https:\/\/kinky-fetishescort.com\/de\/#website"},"primaryImageOfPage":{"@id":"https:\/\/kinky-fetishescort.com\/de\/ueber-uns\/#primaryimage"},"image":{"@id":"https:\/\/kinky-fetishescort.com\/de\/ueber-uns\/#primaryimage"},"thumbnailUrl":"https:\/\/kinky-fetishescort.com\/wp-content\/uploads\/elementor\/thumbs\/14-eliza-r63tds7ve8ukvjo54f3ed309w2ng6b1rxe665k6zho.webp","datePublished":"2025-05-14T19:36:06+00:00","dateModified":"2026-01-13T19:05:50+00:00","description":"Erfahren Sie mehr \u00fcber unsere Escortagentur und unser Engagement f\u00fcr luxuri\u00f6se, personalisierte und diskrete Erlebnisse. Entdecken Sie das Team hinter unseren exklusiven Kinky Fetishescorts und unser Engagement, Ihre Fantasien zu erf\u00fcllen.","breadcrumb":{"@id":"https:\/\/kinky-fetishescort.com\/de\/ueber-uns\/#breadcrumb"},"inLanguage":"de","potentialAction":[{"@type":"ReadAction","target":["https:\/\/kinky-fetishescort.com\/de\/ueber-uns\/"]}]},{"@type":"ImageObject","inLanguage":"de","@id":"https:\/\/kinky-fetishescort.com\/de\/ueber-uns\/#primaryimage","url":"https:\/\/kinky-fetishescort.com\/wp-content\/uploads\/elementor\/thumbs\/14-eliza-r63tds7ve8ukvjo54f3ed309w2ng6b1rxe665k6zho.webp","contentUrl":"https:\/\/kinky-fetishescort.com\/wp-content\/uploads\/elementor\/thumbs\/14-eliza-r63tds7ve8ukvjo54f3ed309w2ng6b1rxe665k6zho.webp"},{"@type":"BreadcrumbList","@id":"https:\/\/kinky-fetishescort.com\/de\/ueber-uns\/#breadcrumb","itemListElement":[{"@type":"ListItem","position":1,"name":"Home","item":"https:\/\/kinky-fetishescort.com\/de\/kinky-fetishescorts\/"},{"@type":"ListItem","position":2,"name":"\u00dcber uns"}]},{"@type":"WebSite","@id":"https:\/\/kinky-fetishescort.com\/de\/#website","url":"https:\/\/kinky-fetishescort.com\/de\/","name":"Kinky Fetishescort","description":"","publisher":{"@id":"https:\/\/kinky-fetishescort.com\/de\/#organization"},"potentialAction":[{"@type":"SearchAction","target":{"@type":"EntryPoint","urlTemplate":"https:\/\/kinky-fetishescort.com\/de\/?s={search_term_string}"},"query-input":{"@type":"PropertyValueSpecification","valueRequired":true,"valueName":"search_term_string"}}],"inLanguage":"de"},{"@type":"Organization","@id":"https:\/\/kinky-fetishescort.com\/de\/#organization","name":"Kinky Fetishescort","url":"https:\/\/kinky-fetishescort.com\/de\/","logo":{"@type":"ImageObject","inLanguage":"de","@id":"https:\/\/kinky-fetishescort.com\/de\/#\/schema\/logo\/image\/","url":"https:\/\/kinky-fetishescort.com\/wp-content\/uploads\/2025\/09\/Logo-Kinky-Fetishescort.png","contentUrl":"https:\/\/kinky-fetishescort.com\/wp-content\/uploads\/2025\/09\/Logo-Kinky-Fetishescort.png","width":450,"height":100,"caption":"Kinky Fetishescort"},"image":{"@id":"https:\/\/kinky-fetishescort.com\/de\/#\/schema\/logo\/image\/"}}]}},"_links":{"self":[{"href":"https:\/\/kinky-fetishescort.com\/de\/wp-json\/wp\/v2\/pages\/1742","targetHints":{"allow":["GET"]}}],"collection":[{"href":"https:\/\/kinky-fetishescort.com\/de\/wp-json\/wp\/v2\/pages"}],"about":[{"href":"https:\/\/kinky-fetishescort.com\/de\/wp-json\/wp\/v2\/types\/page"}],"author":[{"embeddable":true,"href":"https:\/\/kinky-fetishescort.com\/de\/wp-json\/wp\/v2\/users\/2"}],"replies":[{"embeddable":true,"href":"https:\/\/kinky-fetishescort.com\/de\/wp-json\/wp\/v2\/comments?post=1742"}],"version-history":[{"count":2,"href":"https:\/\/kinky-fetishescort.com\/de\/wp-json\/wp\/v2\/pages\/1742\/revisions"}],"predecessor-version":[{"id":1872,"href":"https:\/\/kinky-fetishescort.com\/de\/wp-json\/wp\/v2\/pages\/1742\/revisions\/1872"}],"wp:attachment":[{"href":"https:\/\/kinky-fetishescort.com\/de\/wp-json\/wp\/v2\/media?parent=1742"}],"curies":[{"name":"wp","href":"https:\/\/api.w.org\/{rel}","templated":true}]}}