{"id":1729,"date":"2025-06-07T10:00:40","date_gmt":"2025-06-07T10:00:40","guid":{"rendered":"https:\/\/kinky-fetishescort.com\/kinky-abenteuer\/"},"modified":"2026-01-06T16:02:44","modified_gmt":"2026-01-06T16:02:44","slug":"kinky-abenteuer","status":"publish","type":"page","link":"https:\/\/kinky-fetishescort.com\/de\/kinky-abenteuer\/","title":{"rendered":"Kinky-Abenteuer"},"content":{"rendered":"\t\t<div data-elementor-type=\"wp-page\" data-elementor-id=\"1729\" class=\"elementor elementor-1729 elementor-447\" data-elementor-post-type=\"page\">\n\t\t\t\t<div class=\"elementor-element elementor-element-a91bc5c e-flex e-con-boxed e-con e-parent\" data-id=\"a91bc5c\" data-element_type=\"container\" data-settings=\"{&quot;background_background&quot;:&quot;slideshow&quot;,&quot;background_slideshow_gallery&quot;:[{&quot;id&quot;:428,&quot;url&quot;:&quot;https:\\\/\\\/kinky-fetishescort.com\\\/wp-content\\\/uploads\\\/2025\\\/06\\\/latex-dreams.webp&quot;},{&quot;id&quot;:425,&quot;url&quot;:&quot;https:\\\/\\\/kinky-fetishescort.com\\\/wp-content\\\/uploads\\\/2025\\\/06\\\/clubs-castles.webp&quot;},{&quot;id&quot;:432,&quot;url&quot;:&quot;https:\\\/\\\/kinky-fetishescort.com\\\/wp-content\\\/uploads\\\/2025\\\/06\\\/wellness.webp&quot;}],&quot;background_slideshow_ken_burns&quot;:&quot;yes&quot;,&quot;background_slideshow_loop&quot;:&quot;yes&quot;,&quot;background_slideshow_slide_duration&quot;:5000,&quot;background_slideshow_slide_transition&quot;:&quot;fade&quot;,&quot;background_slideshow_transition_duration&quot;:500,&quot;background_slideshow_ken_burns_zoom_direction&quot;:&quot;in&quot;}\">\n\t\t\t\t\t<div class=\"e-con-inner\">\n\t\t\t\t\t<\/div>\n\t\t\t\t<\/div>\n\t\t<div class=\"elementor-element elementor-element-1667e72 e-flex e-con-boxed e-con e-parent\" data-id=\"1667e72\" data-element_type=\"container\">\n\t\t\t\t\t<div class=\"e-con-inner\">\n\t\t<div class=\"elementor-element elementor-element-72059cb e-con-full e-flex e-con e-child\" data-id=\"72059cb\" data-element_type=\"container\">\n\t\t\t\t<div class=\"elementor-element elementor-element-a2003c6 elementor-widget elementor-widget-heading\" data-id=\"a2003c6\" data-element_type=\"widget\" data-widget_type=\"heading.default\">\n\t\t\t\t<div class=\"elementor-widget-container\">\n\t\t\t\t\t<h2 class=\"elementor-heading-title elementor-size-default\">Kinky-Abenteuer<\/h2>\t\t\t\t<\/div>\n\t\t\t\t<\/div>\n\t\t\t\t<div class=\"elementor-element elementor-element-61fab04 elementor-widget-divider--view-line elementor-widget elementor-widget-divider\" data-id=\"61fab04\" data-element_type=\"widget\" data-widget_type=\"divider.default\">\n\t\t\t\t<div class=\"elementor-widget-container\">\n\t\t\t\t\t\t\t<div class=\"elementor-divider\">\n\t\t\t<span class=\"elementor-divider-separator\">\n\t\t\t\t\t\t<\/span>\n\t\t<\/div>\n\t\t\t\t\t\t<\/div>\n\t\t\t\t<\/div>\n\t\t\t\t<\/div>\n\t\t<div class=\"elementor-element elementor-element-217ef56 e-con-full e-flex e-con e-child\" data-id=\"217ef56\" data-element_type=\"container\">\n\t\t\t\t<div class=\"elementor-element elementor-element-94bd6c6 elementor-widget elementor-widget-heading\" data-id=\"94bd6c6\" data-element_type=\"widget\" data-widget_type=\"heading.default\">\n\t\t\t\t<div class=\"elementor-widget-container\">\n\t\t\t\t\t<h2 class=\"elementor-heading-title elementor-size-default\">Willkommen bei Kinky Fetishescort, Ihrem ultimativen Ziel f\u00fcr unvergleichliche Kinky-Abenteuer.<\/h2>\t\t\t\t<\/div>\n\t\t\t\t<\/div>\n\t\t\t\t<div class=\"elementor-element elementor-element-3c73ae2 elementor-widget elementor-widget-text-editor\" data-id=\"3c73ae2\" data-element_type=\"widget\" data-widget_type=\"text-editor.default\">\n\t\t\t\t<div class=\"elementor-widget-container\">\n\t\t\t\t\t\t\t\t\t<div id=\"zHLs4W\" class=\"text-box layout-element__component layout-element__component--GridTextBox\" data-v-5567603e=\"\" data-qa=\"gridtextbox:zhls4w\"><div id=\"zhtnvI\" class=\"text-box layout-element__component layout-element__component--GridTextBox\" data-v-5567603e=\"\" data-qa=\"gridtextbox:zhtnvi\"><p class=\"body\" dir=\"auto\">Unsere exklusiven Fetisch-Escorts sind bestrebt, Ihre wildesten Fantasien wahr werden zu lassen. Egal, ob Sie sich f\u00fcr Rollenspiele, Bondage, Latex, Leder oder andere Fetische interessieren, wir haben die perfekte Begleitung f\u00fcr Sie. Bei Kinky Fetishescort sind wir darauf spezialisiert, unvergessliche Erlebnisse zu schaffen, die auf Ihre individuellen W\u00fcnsche zugeschnitten sind.  <\/p><p class=\"body\" dir=\"auto\">Unsere Kinky-Abenteuer decken eine breite Palette von Fetischen und Vorlieben ab. Stellen Sie sich den Nervenkitzel vor, sich auf ein verf\u00fchrerisches Rollenspielszenario mit einem atemberaubenden Escort einzulassen, der wei\u00df, wie man Ihre Fantasien zum Leben erweckt. Von Lehrer- und Schulm\u00e4dchen-Dynamiken bis hin zu Sekret\u00e4rin und Chef, Arzt und Krankenschwester sind unsere Escorts erfahren darin, authentische und immersive Erlebnisse zu schaffen, die Ihnen den Atem rauben werden.  <\/p><p class=\"body\" dir=\"auto\">Wenn Latex und Leder Ihre Leidenschaften sind, werden unsere Fetisch-Escorts Sie nicht entt\u00e4uschen. Gekleidet in extravagante Materialien, die ihre Kurven betonen, werden sie Sie mit ihrer Anziehungskraft und Raffinesse fesseln. <\/p><p class=\"body\" dir=\"auto\">F\u00fcr diejenigen, die Begleitung f\u00fcr einen Urlaub oder eine entspannende Reise suchen, stehen unsere Fetisch-Escorts auch f\u00fcr Reisen zur Verf\u00fcgung. Stellen Sie sich vor, Sie erkunden eine neue Stadt mit einem wundersch\u00f6nen und aufmerksamen Escort an Ihrer Seite, der Sie durch die versteckten Gassen und geheimen Orte f\u00fchrt. Egal, ob Sie an einer Gesch\u00e4ftsreise, einem luxuri\u00f6sen Urlaub oder einem Rendezvous teilnehmen, unsere Escorts sorgen daf\u00fcr, dass Ihre gemeinsame Zeit sowohl angenehm als auch unvergesslich wird.  <\/p><p class=\"body\" dir=\"auto\">Bei Kinky Fetishescort verstehen wir, dass jeder Kunde einzigartige Vorlieben und W\u00fcnsche hat. Deshalb ermutigen wir Sie, Ihre spezifischen Bed\u00fcrfnisse mitzuteilen, damit wir Sie mit der perfekten Dame zusammenbringen k\u00f6nnen. Unsere Escorts sind nicht nur optisch umwerfend, sondern auch sehr intuitiv, was sie geschickt darin macht, Ihre W\u00fcnsche zu antizipieren und zu erf\u00fcllen.  <\/p><p class=\"body\" dir=\"auto\">Entdecken Sie die Welt von Kinky Fetishescort, wo Ihre Fantasien Wirklichkeit werden. Unsere Fetisch-Escorts sind bereit, Sie auf eine Reise voller Vergn\u00fcgen und Aufregung mitzunehmen und sicherzustellen, dass jeder Moment so aufregend wie befriedigend ist. Bitte kontaktieren Sie uns, um den idealen Escort f\u00fcr Ihre Kinky-Abenteuer zu finden und das Au\u00dfergew\u00f6hnliche zu erleben.  <\/p><\/div><\/div>\t\t\t\t\t\t\t\t<\/div>\n\t\t\t\t<\/div>\n\t\t\t\t<\/div>\n\t\t\t\t\t<\/div>\n\t\t\t\t<\/div>\n\t\t<div class=\"elementor-element elementor-element-8b11be5 e-flex e-con-boxed e-con e-parent\" data-id=\"8b11be5\" data-element_type=\"container\">\n\t\t\t\t\t<div class=\"e-con-inner\">\n\t\t\t\t<div class=\"elementor-element elementor-element-bc1ea00 elementor-widget elementor-widget-heading\" data-id=\"bc1ea00\" data-element_type=\"widget\" data-widget_type=\"heading.default\">\n\t\t\t\t<div class=\"elementor-widget-container\">\n\t\t\t\t\t<h2 class=\"elementor-heading-title elementor-size-default\">Entdecken Sie unsere Kinky-Abenteuer<\/h2>\t\t\t\t<\/div>\n\t\t\t\t<\/div>\n\t\t<div class=\"elementor-element elementor-element-743f04d e-con-full e-flex e-con e-child\" data-id=\"743f04d\" data-element_type=\"container\">\n\t\t<div class=\"elementor-element elementor-element-7f6f397 e-con-full e-flex e-con e-child\" data-id=\"7f6f397\" data-element_type=\"container\">\n\t\t<a class=\"elementor-element elementor-element-f42a756 e-con-full e-flex e-con e-child\" data-id=\"f42a756\" data-element_type=\"container\" data-settings=\"{&quot;background_background&quot;:&quot;classic&quot;}\" href=\"https:\/\/kinky-fetishescort.com\/kinky-adventure\/latex-dreams\/\">\n\t\t\t\t<div class=\"elementor-element elementor-element-2347b60 elementor-widget elementor-widget-heading\" data-id=\"2347b60\" data-element_type=\"widget\" data-widget_type=\"heading.default\">\n\t\t\t\t<div class=\"elementor-widget-container\">\n\t\t\t\t\t<h2 class=\"elementor-heading-title elementor-size-default\">Latex-Tr\u00e4ume<\/h2>\t\t\t\t<\/div>\n\t\t\t\t<\/div>\n\t\t\t\t<\/a>\n\t\t<a class=\"elementor-element elementor-element-60c360a e-con-full e-flex e-con e-child\" data-id=\"60c360a\" data-element_type=\"container\" data-settings=\"{&quot;background_background&quot;:&quot;classic&quot;}\" href=\"https:\/\/kinky-fetishescort.com\/kinky-adventure\/castle-orgie\/\">\n\t\t\t\t<div class=\"elementor-element elementor-element-fd26097 elementor-widget elementor-widget-heading\" data-id=\"fd26097\" data-element_type=\"widget\" data-widget_type=\"heading.default\">\n\t\t\t\t<div class=\"elementor-widget-container\">\n\t\t\t\t\t<h2 class=\"elementor-heading-title elementor-size-default\">Club- &amp; Schlossfantasien<\/h2>\t\t\t\t<\/div>\n\t\t\t\t<\/div>\n\t\t\t\t<\/a>\n\t\t<a class=\"elementor-element elementor-element-b790a56 e-con-full e-flex e-con e-child\" data-id=\"b790a56\" data-element_type=\"container\" data-settings=\"{&quot;background_background&quot;:&quot;classic&quot;}\" href=\"https:\/\/kinky-fetishescort.com\/kinky-adventure\/episodes-of-city-guide\/\">\n\t\t\t\t<div class=\"elementor-element elementor-element-9bf189d elementor-widget elementor-widget-heading\" data-id=\"9bf189d\" data-element_type=\"widget\" data-widget_type=\"heading.default\">\n\t\t\t\t<div class=\"elementor-widget-container\">\n\t\t\t\t\t<h2 class=\"elementor-heading-title elementor-size-default\">Episoden des Stadtf\u00fchrers<\/h2>\t\t\t\t<\/div>\n\t\t\t\t<\/div>\n\t\t\t\t<\/a>\n\t\t\t\t<\/div>\n\t\t<div class=\"elementor-element elementor-element-3e37c67 e-con-full e-flex e-con e-child\" data-id=\"3e37c67\" data-element_type=\"container\">\n\t\t<a class=\"elementor-element elementor-element-b994e59 e-con-full e-flex e-con e-child\" data-id=\"b994e59\" data-element_type=\"container\" data-settings=\"{&quot;background_background&quot;:&quot;classic&quot;}\" href=\"https:\/\/kinky-fetishescort.com\/kinky-adventure\/role-plays-amours\/\">\n\t\t\t\t<div class=\"elementor-element elementor-element-bf0db17 elementor-widget elementor-widget-heading\" data-id=\"bf0db17\" data-element_type=\"widget\" data-widget_type=\"heading.default\">\n\t\t\t\t<div class=\"elementor-widget-container\">\n\t\t\t\t\t<h2 class=\"elementor-heading-title elementor-size-default\">Rollenspiele Amours<\/h2>\t\t\t\t<\/div>\n\t\t\t\t<\/div>\n\t\t\t\t<\/a>\n\t\t<a class=\"elementor-element elementor-element-bf0635e e-con-full e-flex e-con e-child\" data-id=\"bf0635e\" data-element_type=\"container\" data-settings=\"{&quot;background_background&quot;:&quot;classic&quot;}\" href=\"https:\/\/kinky-fetishescort.com\/kinky-adventure\/bizarre-love\/\">\n\t\t\t\t<div class=\"elementor-element elementor-element-431c86e elementor-widget elementor-widget-heading\" data-id=\"431c86e\" data-element_type=\"widget\" data-widget_type=\"heading.default\">\n\t\t\t\t<div class=\"elementor-widget-container\">\n\t\t\t\t\t<h2 class=\"elementor-heading-title elementor-size-default\">Bizarre Liebe<\/h2>\t\t\t\t<\/div>\n\t\t\t\t<\/div>\n\t\t\t\t<\/a>\n\t\t<a class=\"elementor-element elementor-element-f7c04c0 e-con-full e-flex e-con e-child\" data-id=\"f7c04c0\" data-element_type=\"container\" data-settings=\"{&quot;background_background&quot;:&quot;classic&quot;}\" href=\"https:\/\/kinky-fetishescort.com\/kinky-adventure\/threesome-bisexual-duo\/\">\n\t\t\t\t<div class=\"elementor-element elementor-element-431f20f elementor-widget elementor-widget-heading\" data-id=\"431f20f\" data-element_type=\"widget\" data-widget_type=\"heading.default\">\n\t\t\t\t<div class=\"elementor-widget-container\">\n\t\t\t\t\t<h2 class=\"elementor-heading-title elementor-size-default\">Dreier<\/h2>\t\t\t\t<\/div>\n\t\t\t\t<\/div>\n\t\t\t\t<\/a>\n\t\t\t\t<\/div>\n\t\t<div class=\"elementor-element elementor-element-19fd1c6 e-con-full e-flex e-con e-child\" data-id=\"19fd1c6\" data-element_type=\"container\">\n\t\t<a class=\"elementor-element elementor-element-06d39db e-con-full e-flex e-con e-child\" data-id=\"06d39db\" data-element_type=\"container\" data-settings=\"{&quot;background_background&quot;:&quot;classic&quot;}\" href=\"https:\/\/kinky-fetishescort.com\/kinky-adventure\/wellness-relaxation-desire\/\">\n\t\t\t\t<div class=\"elementor-element elementor-element-a75e82f elementor-widget elementor-widget-heading\" data-id=\"a75e82f\" data-element_type=\"widget\" data-widget_type=\"heading.default\">\n\t\t\t\t<div class=\"elementor-widget-container\">\n\t\t\t\t\t<h2 class=\"elementor-heading-title elementor-size-default\">Wellness-W\u00fcnsche<\/h2>\t\t\t\t<\/div>\n\t\t\t\t<\/div>\n\t\t\t\t<\/a>\n\t\t<a class=\"elementor-element elementor-element-c250636 e-con-full e-flex e-con e-child\" data-id=\"c250636\" data-element_type=\"container\" data-settings=\"{&quot;background_background&quot;:&quot;classic&quot;}\" href=\"https:\/\/kinky-fetishescort.com\/kinky-adventure\/holiday-romance\/\">\n\t\t\t\t<div class=\"elementor-element elementor-element-9a8a4e3 elementor-widget elementor-widget-heading\" data-id=\"9a8a4e3\" data-element_type=\"widget\" data-widget_type=\"heading.default\">\n\t\t\t\t<div class=\"elementor-widget-container\">\n\t\t\t\t\t<h2 class=\"elementor-heading-title elementor-size-default\">Urlaubsromanze<\/h2>\t\t\t\t<\/div>\n\t\t\t\t<\/div>\n\t\t\t\t<\/a>\n\t\t<a class=\"elementor-element elementor-element-10c98bc e-con-full e-flex e-con e-child\" data-id=\"10c98bc\" data-element_type=\"container\" data-settings=\"{&quot;background_background&quot;:&quot;classic&quot;}\" href=\"https:\/\/kinky-fetishescort.com\/kinky-adventure\/gourmet-cuisine\/\">\n\t\t\t\t<div class=\"elementor-element elementor-element-59c710b elementor-widget elementor-widget-heading\" data-id=\"59c710b\" data-element_type=\"widget\" data-widget_type=\"heading.default\">\n\t\t\t\t<div class=\"elementor-widget-container\">\n\t\t\t\t\t<h2 class=\"elementor-heading-title elementor-size-default\">Leidenschaft f\u00fcr Gourmetk\u00fcche<\/h2>\t\t\t\t<\/div>\n\t\t\t\t<\/div>\n\t\t\t\t<\/a>\n\t\t\t\t<\/div>\n\t\t\t\t<\/div>\n\t\t\t\t\t<\/div>\n\t\t\t\t<\/div>\n\t\t\t\t<\/div>\n\t\t","protected":false},"excerpt":{"rendered":"<p>Kinky-Abenteuer Willkommen bei Kinky Fetishescort, Ihrem ultimativen Ziel f\u00fcr unvergleichliche Kinky-Abenteuer. Unsere exklusiven Fetisch-Escorts sind bestrebt, Ihre wildesten Fantasien wahr werden zu lassen. Egal, ob Sie sich f\u00fcr Rollenspiele, Bondage, Latex, Leder oder andere Fetische interessieren, wir haben die perfekte Begleitung f\u00fcr Sie. Bei Kinky Fetishescort sind wir darauf spezialisiert, unvergessliche Erlebnisse zu schaffen, die [&hellip;]<\/p>\n","protected":false},"author":2,"featured_media":0,"parent":0,"menu_order":0,"comment_status":"closed","ping_status":"closed","template":"","meta":{"_acf_changed":false,"footnotes":""},"class_list":["post-1729","page","type-page","status-publish","hentry"],"acf":[],"yoast_head":"<!-- This site is optimized with the Yoast SEO plugin v26.7 - https:\/\/yoast.com\/wordpress\/plugins\/seo\/ -->\n<title>Kinky-Abenteuer - Kinky Fetishescort<\/title>\n<meta name=\"description\" content=\"Entdecken Sie aufregende und unvergessliche Kinky-Abenteuer mit unseren Elite-Kinky-Fetishescorts. Erleben Sie Leidenschaft, Fantasie und Spannung, die auf Ihre W\u00fcnsche zugeschnitten sind.\" \/>\n<meta name=\"robots\" content=\"index, follow, max-snippet:-1, max-image-preview:large, max-video-preview:-1\" \/>\n<link rel=\"canonical\" href=\"https:\/\/kinky-fetishescort.com\/de\/kinky-abenteuer\/\" \/>\n<meta property=\"og:locale\" content=\"de_DE\" \/>\n<meta property=\"og:type\" content=\"article\" \/>\n<meta property=\"og:title\" content=\"Kinky-Abenteuer - Kinky Fetishescort\" \/>\n<meta property=\"og:description\" content=\"Entdecken Sie aufregende und unvergessliche Kinky-Abenteuer mit unseren Elite-Kinky-Fetishescorts. Erleben Sie Leidenschaft, Fantasie und Spannung, die auf Ihre W\u00fcnsche zugeschnitten sind.\" \/>\n<meta property=\"og:url\" content=\"https:\/\/kinky-fetishescort.com\/de\/kinky-abenteuer\/\" \/>\n<meta property=\"og:site_name\" content=\"Kinky Fetishescort\" \/>\n<meta property=\"article:modified_time\" content=\"2026-01-06T16:02:44+00:00\" \/>\n<meta name=\"twitter:card\" content=\"summary_large_image\" \/>\n<meta name=\"twitter:label1\" content=\"Gesch\u00e4tzte Lesezeit\" \/>\n\t<meta name=\"twitter:data1\" content=\"2\u00a0Minuten\" \/>\n<script type=\"application\/ld+json\" class=\"yoast-schema-graph\">{\"@context\":\"https:\/\/schema.org\",\"@graph\":[{\"@type\":\"WebPage\",\"@id\":\"https:\/\/kinky-fetishescort.com\/de\/kinky-abenteuer\/\",\"url\":\"https:\/\/kinky-fetishescort.com\/de\/kinky-abenteuer\/\",\"name\":\"Kinky-Abenteuer - Kinky Fetishescort\",\"isPartOf\":{\"@id\":\"https:\/\/kinky-fetishescort.com\/de\/#website\"},\"datePublished\":\"2025-06-07T10:00:40+00:00\",\"dateModified\":\"2026-01-06T16:02:44+00:00\",\"description\":\"Entdecken Sie aufregende und unvergessliche Kinky-Abenteuer mit unseren Elite-Kinky-Fetishescorts. Erleben Sie Leidenschaft, Fantasie und Spannung, die auf Ihre W\u00fcnsche zugeschnitten sind.\",\"breadcrumb\":{\"@id\":\"https:\/\/kinky-fetishescort.com\/de\/kinky-abenteuer\/#breadcrumb\"},\"inLanguage\":\"de\",\"potentialAction\":[{\"@type\":\"ReadAction\",\"target\":[\"https:\/\/kinky-fetishescort.com\/de\/kinky-abenteuer\/\"]}]},{\"@type\":\"BreadcrumbList\",\"@id\":\"https:\/\/kinky-fetishescort.com\/de\/kinky-abenteuer\/#breadcrumb\",\"itemListElement\":[{\"@type\":\"ListItem\",\"position\":1,\"name\":\"Home\",\"item\":\"https:\/\/kinky-fetishescort.com\/de\/kinky-fetishescorts\/\"},{\"@type\":\"ListItem\",\"position\":2,\"name\":\"Kinky-Abenteuer\"}]},{\"@type\":\"WebSite\",\"@id\":\"https:\/\/kinky-fetishescort.com\/de\/#website\",\"url\":\"https:\/\/kinky-fetishescort.com\/de\/\",\"name\":\"Kinky Fetishescort\",\"description\":\"\",\"publisher\":{\"@id\":\"https:\/\/kinky-fetishescort.com\/de\/#organization\"},\"potentialAction\":[{\"@type\":\"SearchAction\",\"target\":{\"@type\":\"EntryPoint\",\"urlTemplate\":\"https:\/\/kinky-fetishescort.com\/de\/?s={search_term_string}\"},\"query-input\":{\"@type\":\"PropertyValueSpecification\",\"valueRequired\":true,\"valueName\":\"search_term_string\"}}],\"inLanguage\":\"de\"},{\"@type\":\"Organization\",\"@id\":\"https:\/\/kinky-fetishescort.com\/de\/#organization\",\"name\":\"Kinky Fetishescort\",\"url\":\"https:\/\/kinky-fetishescort.com\/de\/\",\"logo\":{\"@type\":\"ImageObject\",\"inLanguage\":\"de\",\"@id\":\"https:\/\/kinky-fetishescort.com\/de\/#\/schema\/logo\/image\/\",\"url\":\"https:\/\/kinky-fetishescort.com\/wp-content\/uploads\/2025\/09\/Logo-Kinky-Fetishescort.png\",\"contentUrl\":\"https:\/\/kinky-fetishescort.com\/wp-content\/uploads\/2025\/09\/Logo-Kinky-Fetishescort.png\",\"width\":450,\"height\":100,\"caption\":\"Kinky Fetishescort\"},\"image\":{\"@id\":\"https:\/\/kinky-fetishescort.com\/de\/#\/schema\/logo\/image\/\"}}]}<\/script>\n<!-- \/ Yoast SEO plugin. -->","yoast_head_json":{"title":"Kinky-Abenteuer - Kinky Fetishescort","description":"Entdecken Sie aufregende und unvergessliche Kinky-Abenteuer mit unseren Elite-Kinky-Fetishescorts. Erleben Sie Leidenschaft, Fantasie und Spannung, die auf Ihre W\u00fcnsche zugeschnitten sind.","robots":{"index":"index","follow":"follow","max-snippet":"max-snippet:-1","max-image-preview":"max-image-preview:large","max-video-preview":"max-video-preview:-1"},"canonical":"https:\/\/kinky-fetishescort.com\/de\/kinky-abenteuer\/","og_locale":"de_DE","og_type":"article","og_title":"Kinky-Abenteuer - Kinky Fetishescort","og_description":"Entdecken Sie aufregende und unvergessliche Kinky-Abenteuer mit unseren Elite-Kinky-Fetishescorts. Erleben Sie Leidenschaft, Fantasie und Spannung, die auf Ihre W\u00fcnsche zugeschnitten sind.","og_url":"https:\/\/kinky-fetishescort.com\/de\/kinky-abenteuer\/","og_site_name":"Kinky Fetishescort","article_modified_time":"2026-01-06T16:02:44+00:00","twitter_card":"summary_large_image","twitter_misc":{"Gesch\u00e4tzte Lesezeit":"2\u00a0Minuten"},"schema":{"@context":"https:\/\/schema.org","@graph":[{"@type":"WebPage","@id":"https:\/\/kinky-fetishescort.com\/de\/kinky-abenteuer\/","url":"https:\/\/kinky-fetishescort.com\/de\/kinky-abenteuer\/","name":"Kinky-Abenteuer - Kinky Fetishescort","isPartOf":{"@id":"https:\/\/kinky-fetishescort.com\/de\/#website"},"datePublished":"2025-06-07T10:00:40+00:00","dateModified":"2026-01-06T16:02:44+00:00","description":"Entdecken Sie aufregende und unvergessliche Kinky-Abenteuer mit unseren Elite-Kinky-Fetishescorts. Erleben Sie Leidenschaft, Fantasie und Spannung, die auf Ihre W\u00fcnsche zugeschnitten sind.","breadcrumb":{"@id":"https:\/\/kinky-fetishescort.com\/de\/kinky-abenteuer\/#breadcrumb"},"inLanguage":"de","potentialAction":[{"@type":"ReadAction","target":["https:\/\/kinky-fetishescort.com\/de\/kinky-abenteuer\/"]}]},{"@type":"BreadcrumbList","@id":"https:\/\/kinky-fetishescort.com\/de\/kinky-abenteuer\/#breadcrumb","itemListElement":[{"@type":"ListItem","position":1,"name":"Home","item":"https:\/\/kinky-fetishescort.com\/de\/kinky-fetishescorts\/"},{"@type":"ListItem","position":2,"name":"Kinky-Abenteuer"}]},{"@type":"WebSite","@id":"https:\/\/kinky-fetishescort.com\/de\/#website","url":"https:\/\/kinky-fetishescort.com\/de\/","name":"Kinky Fetishescort","description":"","publisher":{"@id":"https:\/\/kinky-fetishescort.com\/de\/#organization"},"potentialAction":[{"@type":"SearchAction","target":{"@type":"EntryPoint","urlTemplate":"https:\/\/kinky-fetishescort.com\/de\/?s={search_term_string}"},"query-input":{"@type":"PropertyValueSpecification","valueRequired":true,"valueName":"search_term_string"}}],"inLanguage":"de"},{"@type":"Organization","@id":"https:\/\/kinky-fetishescort.com\/de\/#organization","name":"Kinky Fetishescort","url":"https:\/\/kinky-fetishescort.com\/de\/","logo":{"@type":"ImageObject","inLanguage":"de","@id":"https:\/\/kinky-fetishescort.com\/de\/#\/schema\/logo\/image\/","url":"https:\/\/kinky-fetishescort.com\/wp-content\/uploads\/2025\/09\/Logo-Kinky-Fetishescort.png","contentUrl":"https:\/\/kinky-fetishescort.com\/wp-content\/uploads\/2025\/09\/Logo-Kinky-Fetishescort.png","width":450,"height":100,"caption":"Kinky Fetishescort"},"image":{"@id":"https:\/\/kinky-fetishescort.com\/de\/#\/schema\/logo\/image\/"}}]}},"_links":{"self":[{"href":"https:\/\/kinky-fetishescort.com\/de\/wp-json\/wp\/v2\/pages\/1729","targetHints":{"allow":["GET"]}}],"collection":[{"href":"https:\/\/kinky-fetishescort.com\/de\/wp-json\/wp\/v2\/pages"}],"about":[{"href":"https:\/\/kinky-fetishescort.com\/de\/wp-json\/wp\/v2\/types\/page"}],"author":[{"embeddable":true,"href":"https:\/\/kinky-fetishescort.com\/de\/wp-json\/wp\/v2\/users\/2"}],"replies":[{"embeddable":true,"href":"https:\/\/kinky-fetishescort.com\/de\/wp-json\/wp\/v2\/comments?post=1729"}],"version-history":[{"count":3,"href":"https:\/\/kinky-fetishescort.com\/de\/wp-json\/wp\/v2\/pages\/1729\/revisions"}],"predecessor-version":[{"id":1844,"href":"https:\/\/kinky-fetishescort.com\/de\/wp-json\/wp\/v2\/pages\/1729\/revisions\/1844"}],"wp:attachment":[{"href":"https:\/\/kinky-fetishescort.com\/de\/wp-json\/wp\/v2\/media?parent=1729"}],"curies":[{"name":"wp","href":"https:\/\/api.w.org\/{rel}","templated":true}]}}