{"id":1704,"date":"2025-08-12T16:15:18","date_gmt":"2025-08-12T16:15:18","guid":{"rendered":"https:\/\/kinky-fetishescort.com\/eliza-buchen\/"},"modified":"2025-12-27T18:45:55","modified_gmt":"2025-12-27T18:45:55","slug":"eliza-buchen","status":"publish","type":"page","link":"https:\/\/kinky-fetishescort.com\/de\/buchung\/eliza-buchen\/","title":{"rendered":"Eliza buchen"},"content":{"rendered":"\t\t<div data-elementor-type=\"wp-page\" data-elementor-id=\"1704\" class=\"elementor elementor-1704 elementor-716\" data-elementor-post-type=\"page\">\n\t\t\t\t<div class=\"elementor-element elementor-element-f036b8d e-flex e-con-boxed e-con e-parent\" data-id=\"f036b8d\" data-element_type=\"container\" data-settings=\"{&quot;background_background&quot;:&quot;slideshow&quot;,&quot;background_slideshow_gallery&quot;:[{&quot;id&quot;:89,&quot;url&quot;:&quot;https:\\\/\\\/kinky-fetishescort.com\\\/wp-content\\\/uploads\\\/2025\\\/05\\\/01-hero.webp&quot;},{&quot;id&quot;:113,&quot;url&quot;:&quot;https:\\\/\\\/kinky-fetishescort.com\\\/wp-content\\\/uploads\\\/2025\\\/05\\\/16-koko.webp&quot;},{&quot;id&quot;:73,&quot;url&quot;:&quot;https:\\\/\\\/kinky-fetishescort.com\\\/wp-content\\\/uploads\\\/2025\\\/05\\\/05-eliza.webp&quot;},{&quot;id&quot;:86,&quot;url&quot;:&quot;https:\\\/\\\/kinky-fetishescort.com\\\/wp-content\\\/uploads\\\/2025\\\/05\\\/05-xena.webp&quot;}],&quot;background_slideshow_ken_burns&quot;:&quot;yes&quot;,&quot;background_slideshow_loop&quot;:&quot;yes&quot;,&quot;background_slideshow_slide_duration&quot;:5000,&quot;background_slideshow_slide_transition&quot;:&quot;fade&quot;,&quot;background_slideshow_transition_duration&quot;:500,&quot;background_slideshow_ken_burns_zoom_direction&quot;:&quot;in&quot;}\">\n\t\t\t\t\t<div class=\"e-con-inner\">\n\t\t\t\t\t<\/div>\n\t\t\t\t<\/div>\n\t\t<div class=\"elementor-element elementor-element-e48f01e e-flex e-con-boxed e-con e-parent\" data-id=\"e48f01e\" data-element_type=\"container\">\n\t\t\t\t\t<div class=\"e-con-inner\">\n\t\t<div class=\"elementor-element elementor-element-e199b60 e-con-full e-flex e-con e-child\" data-id=\"e199b60\" data-element_type=\"container\">\n\t\t\t\t<div class=\"elementor-element elementor-element-0ad74d5 elementor-widget elementor-widget-heading\" data-id=\"0ad74d5\" data-element_type=\"widget\" data-widget_type=\"heading.default\">\n\t\t\t\t<div class=\"elementor-widget-container\">\n\t\t\t\t\t<h1 class=\"elementor-heading-title elementor-size-default\">Eliza buchen<\/h1>\t\t\t\t<\/div>\n\t\t\t\t<\/div>\n\t\t\t\t<div class=\"elementor-element elementor-element-16b9d78 elementor-widget-divider--view-line elementor-widget elementor-widget-divider\" data-id=\"16b9d78\" data-element_type=\"widget\" data-widget_type=\"divider.default\">\n\t\t\t\t<div class=\"elementor-widget-container\">\n\t\t\t\t\t\t\t<div class=\"elementor-divider\">\n\t\t\t<span class=\"elementor-divider-separator\">\n\t\t\t\t\t\t<\/span>\n\t\t<\/div>\n\t\t\t\t\t\t<\/div>\n\t\t\t\t<\/div>\n\t\t\t\t<\/div>\n\t\t<div class=\"elementor-element elementor-element-3886ca6 e-con-full e-flex e-con e-child\" data-id=\"3886ca6\" data-element_type=\"container\">\n\t\t<div class=\"elementor-element elementor-element-e95e9fc e-con-full e-flex e-con e-child\" data-id=\"e95e9fc\" data-element_type=\"container\">\n\t\t\t\t<div class=\"elementor-element elementor-element-a2d853d elementor-widget elementor-widget-image\" data-id=\"a2d853d\" data-element_type=\"widget\" data-widget_type=\"image.default\">\n\t\t\t\t<div class=\"elementor-widget-container\">\n\t\t\t\t\t\t\t\t\t\t\t\t\t\t\t<img fetchpriority=\"high\" decoding=\"async\" width=\"683\" height=\"1024\" src=\"https:\/\/kinky-fetishescort.com\/wp-content\/uploads\/2025\/05\/06-eliza-683x1024.webp\" class=\"attachment-large size-large wp-image-1807\" alt=\"Eliza kinky fetish escort model sitting with legs apart, holding a vibrator between her legs and wearing lingerie with a mask in a provocative erotic pose\" srcset=\"https:\/\/kinky-fetishescort.com\/wp-content\/uploads\/2025\/05\/06-eliza-683x1024.webp 683w, https:\/\/kinky-fetishescort.com\/wp-content\/uploads\/2025\/05\/06-eliza-200x300.webp 200w, https:\/\/kinky-fetishescort.com\/wp-content\/uploads\/2025\/05\/06-eliza.webp 720w\" sizes=\"(max-width: 683px) 100vw, 683px\" \/>\t\t\t\t\t\t\t\t\t\t\t\t\t\t\t<\/div>\n\t\t\t\t<\/div>\n\t\t\t\t<div class=\"elementor-element elementor-element-7c83884 elementor-widget elementor-widget-text-editor\" data-id=\"7c83884\" data-element_type=\"widget\" data-widget_type=\"text-editor.default\">\n\t\t\t\t<div class=\"elementor-widget-container\">\n\t\t\t\t\t\t\t\t\t<div id=\"zHLs4W\" class=\"text-box layout-element__component layout-element__component--GridTextBox\" data-v-5567603e=\"\" data-qa=\"gridtextbox:zhls4w\"><h3 dir=\"auto\">M\u00f6chten Sie einen Kinky Fetishescort buchen?<\/h3><p>Es ist angebracht, den respektablen Hauptberuf der Escorts zu erw\u00e4hnen. F\u00fcr ein angenehmes Treffen wird daher empfohlen, fr\u00fchzeitig zu reservieren (best\u00e4tigt durch eine Anzahlung, die mindestens zwei Tage vor dem Rendezvous erfolgt). <\/p><p>Es steht Ihnen frei, entweder das Formular zu verwenden oder Ihre Buchungsanfrage an <a href=\"mailto:booking@kinky-fetishescort.com\">booking@kinky-fetishescort.com<\/a> zu senden.<\/p><p>Wenn Sie innerhalb eines Tages keine R\u00fcckmeldung von uns erhalten, \u00fcberpr\u00fcfen Sie bitte Ihren SPAM-Ordner und f\u00fcgen Sie uns Ihrem Adressbuch hinzu.<\/p><\/div>\t\t\t\t\t\t\t\t<\/div>\n\t\t\t\t<\/div>\n\t\t\t\t<\/div>\n\t\t\t\t<div class=\"elementor-element elementor-element-e3da41c elementor-widget__width-initial elementor-widget-mobile__width-inherit elementor-button-align-stretch elementor-widget elementor-widget-form\" data-id=\"e3da41c\" data-element_type=\"widget\" data-settings=\"{&quot;step_next_label&quot;:&quot;N\\u00e4chste&quot;,&quot;step_previous_label&quot;:&quot;Vorherige&quot;,&quot;button_width&quot;:&quot;100&quot;,&quot;step_type&quot;:&quot;number_text&quot;,&quot;step_icon_shape&quot;:&quot;circle&quot;}\" data-widget_type=\"form.default\">\n\t\t\t\t<div class=\"elementor-widget-container\">\n\t\t\t\t\t\t\t<form class=\"elementor-form\" method=\"post\" name=\"Allgemeines Buchungsformular\" aria-label=\"Allgemeines Buchungsformular\">\n\t\t\t<input type=\"hidden\" name=\"post_id\" value=\"1704\"\/>\n\t\t\t<input type=\"hidden\" name=\"form_id\" value=\"e3da41c\"\/>\n\t\t\t<input type=\"hidden\" name=\"referer_title\" value=\"Eliza buchen - Kinky Fetishescort\" \/>\n\n\t\t\t\t\t\t\t<input type=\"hidden\" name=\"queried_id\" value=\"1704\"\/>\n\t\t\t\n\t\t\t<div class=\"elementor-form-fields-wrapper elementor-labels-above\">\n\t\t\t\t\t\t\t\t<div class=\"elementor-field-type-text elementor-field-group elementor-column elementor-field-group-name elementor-col-50\">\n\t\t\t\t\t\t\t\t\t\t\t\t<label for=\"form-field-name\" class=\"elementor-field-label\">\n\t\t\t\t\t\t\t\tVorname\t\t\t\t\t\t\t<\/label>\n\t\t\t\t\t\t\t\t\t\t\t\t\t\t<input size=\"1\" type=\"text\" name=\"form_fields[name]\" id=\"form-field-name\" class=\"elementor-field elementor-size-sm  elementor-field-textual\" placeholder=\"Ihr Vorname\">\n\t\t\t\t\t\t\t\t\t\t\t<\/div>\n\t\t\t\t\t\t\t\t<div class=\"elementor-field-type-text elementor-field-group elementor-column elementor-field-group-field_28c9e50 elementor-col-50\">\n\t\t\t\t\t\t\t\t\t\t\t\t<label for=\"form-field-field_28c9e50\" class=\"elementor-field-label\">\n\t\t\t\t\t\t\t\tNachname\t\t\t\t\t\t\t<\/label>\n\t\t\t\t\t\t\t\t\t\t\t\t\t\t<input size=\"1\" type=\"text\" name=\"form_fields[field_28c9e50]\" id=\"form-field-field_28c9e50\" class=\"elementor-field elementor-size-sm  elementor-field-textual\" placeholder=\"Ihr Nachname\">\n\t\t\t\t\t\t\t\t\t\t\t<\/div>\n\t\t\t\t\t\t\t\t<div class=\"elementor-field-type-text\">\n\t\t\t\t\t<input size=\"1\" type=\"text\" name=\"form_fields[field_8712cbf]\" id=\"form-field-field_8712cbf\" class=\"elementor-field elementor-size-sm \" style=\"display:none !important;\">\t\t\t\t<\/div>\n\t\t\t\t\t\t\t\t<div class=\"elementor-field-type-text elementor-field-group elementor-column elementor-field-group-field_589c65c elementor-col-100\">\n\t\t\t\t\t\t\t\t\t\t\t\t<label for=\"form-field-field_589c65c\" class=\"elementor-field-label\">\n\t\t\t\t\t\t\t\tStadt\t\t\t\t\t\t\t<\/label>\n\t\t\t\t\t\t\t\t\t\t\t\t\t\t<input size=\"1\" type=\"text\" name=\"form_fields[field_589c65c]\" id=\"form-field-field_589c65c\" class=\"elementor-field elementor-size-sm  elementor-field-textual\" placeholder=\"Geben Sie die Stadt ein\">\n\t\t\t\t\t\t\t\t\t\t\t<\/div>\n\t\t\t\t\t\t\t\t<div class=\"elementor-field-type-date elementor-field-group elementor-column elementor-field-group-field_c501717 elementor-col-100\">\n\t\t\t\t\t\t\t\t\t\t\t\t<label for=\"form-field-field_c501717\" class=\"elementor-field-label\">\n\t\t\t\t\t\t\t\tDatum\t\t\t\t\t\t\t<\/label>\n\t\t\t\t\t\t\n\t\t<input type=\"date\" name=\"form_fields[field_c501717]\" id=\"form-field-field_c501717\" class=\"elementor-field elementor-size-sm  elementor-field-textual elementor-date-field\" placeholder=\"Geben Sie das Datum ein\" pattern=\"[0-9]{4}-[0-9]{2}-[0-9]{2}\">\n\t\t\t\t\t\t<\/div>\n\t\t\t\t\t\t\t\t<div class=\"elementor-field-type-text elementor-field-group elementor-column elementor-field-group-field_8046140 elementor-col-100\">\n\t\t\t\t\t\t\t\t\t\t\t\t<label for=\"form-field-field_8046140\" class=\"elementor-field-label\">\n\t\t\t\t\t\t\t\tDauer\t\t\t\t\t\t\t<\/label>\n\t\t\t\t\t\t\t\t\t\t\t\t\t\t<input size=\"1\" type=\"text\" name=\"form_fields[field_8046140]\" id=\"form-field-field_8046140\" class=\"elementor-field elementor-size-sm  elementor-field-textual\" placeholder=\"Geben Sie die Dauer ein\">\n\t\t\t\t\t\t\t\t\t\t\t<\/div>\n\t\t\t\t\t\t\t\t<div class=\"elementor-field-type-time elementor-field-group elementor-column elementor-field-group-field_fbaf2a1 elementor-col-100\">\n\t\t\t\t\t\t\t\t\t\t\t\t<label for=\"form-field-field_fbaf2a1\" class=\"elementor-field-label\">\n\t\t\t\t\t\t\t\tUhrzeit\t\t\t\t\t\t\t<\/label>\n\t\t\t\t\t\t\t\t<input type=\"time\" name=\"form_fields[field_fbaf2a1]\" id=\"form-field-field_fbaf2a1\" class=\"elementor-field elementor-size-sm  elementor-field-textual elementor-time-field\" placeholder=\"Uhrzeit eingeben\">\n\t\t\t\t\t\t<\/div>\n\t\t\t\t\t\t\t\t<div class=\"elementor-field-type-text elementor-field-group elementor-column elementor-field-group-field_746d7af elementor-col-100\">\n\t\t\t\t\t\t\t\t\t\t\t\t<label for=\"form-field-field_746d7af\" class=\"elementor-field-label\">\n\t\t\t\t\t\t\t\tHotel \/ Ort\t\t\t\t\t\t\t<\/label>\n\t\t\t\t\t\t\t\t\t\t\t\t\t\t<input size=\"1\" type=\"text\" name=\"form_fields[field_746d7af]\" id=\"form-field-field_746d7af\" class=\"elementor-field elementor-size-sm  elementor-field-textual\" placeholder=\"Hotel \/ Ort eingeben\">\n\t\t\t\t\t\t\t\t\t\t\t<\/div>\n\t\t\t\t\t\t\t\t<div class=\"elementor-field-type-textarea elementor-field-group elementor-column elementor-field-group-field_81ae4e0 elementor-col-100\">\n\t\t\t\t\t\t\t\t\t\t\t\t<label for=\"form-field-field_81ae4e0\" class=\"elementor-field-label\">\n\t\t\t\t\t\t\t\tOutfit, Ablauf, Equipment f\u00fcr die Ankunft\t\t\t\t\t\t\t<\/label>\n\t\t\t\t\t\t<textarea class=\"elementor-field-textual elementor-field  elementor-size-sm\" name=\"form_fields[field_81ae4e0]\" id=\"form-field-field_81ae4e0\" rows=\"4\" placeholder=\"Geben Sie das bevorzugte Outfit der Dame f\u00fcr die Ankunft ein - Business Casual, elegant, Smart-Casual oder sportlich. Ablauf f\u00fcr das Rendezvous, das Equipment, das der Fetishescort mitbringen muss (Spielzeug, bestimmte Fetisch-Outfits) \"><\/textarea>\t\t\t\t<\/div>\n\t\t\t\t\t\t\t\t<div class=\"elementor-field-type-textarea elementor-field-group elementor-column elementor-field-group-field_8dd71c2 elementor-col-100\">\n\t\t\t\t\t\t\t\t\t\t\t\t<label for=\"form-field-field_8dd71c2\" class=\"elementor-field-label\">\n\t\t\t\t\t\t\t\tSelbstbeschreibung\t\t\t\t\t\t\t<\/label>\n\t\t\t\t\t\t<textarea class=\"elementor-field-textual elementor-field  elementor-size-sm\" name=\"form_fields[field_8dd71c2]\" id=\"form-field-field_8dd71c2\" rows=\"4\" placeholder=\"Geben Sie eine Selbstbeschreibung ein (Nationalit\u00e4t, Alter, Gr\u00f6\u00dfe, Gewicht, Raucher oder Nichtraucher, Ihre Tendenz - eher dominant oder eher sadistisch, eher romantisch)\"><\/textarea>\t\t\t\t<\/div>\n\t\t\t\t\t\t\t\t<div class=\"elementor-field-type-email elementor-field-group elementor-column elementor-field-group-email elementor-col-100 elementor-field-required elementor-mark-required\">\n\t\t\t\t\t\t\t\t\t\t\t\t<label for=\"form-field-email\" class=\"elementor-field-label\">\n\t\t\t\t\t\t\t\tIhre E-Mail-Adresse\t\t\t\t\t\t\t<\/label>\n\t\t\t\t\t\t\t\t\t\t\t\t\t\t<input size=\"1\" type=\"email\" name=\"form_fields[email]\" id=\"form-field-email\" class=\"elementor-field elementor-size-sm  elementor-field-textual\" placeholder=\"E-Mail-Adresse eingeben\" required=\"required\">\n\t\t\t\t\t\t\t\t\t\t\t<\/div>\n\t\t\t\t\t\t\t\t<div class=\"elementor-field-type-tel elementor-field-group elementor-column elementor-field-group-field_72230af elementor-col-100 elementor-field-required elementor-mark-required\">\n\t\t\t\t\t\t\t\t\t\t\t\t<label for=\"form-field-field_72230af\" class=\"elementor-field-label\">\n\t\t\t\t\t\t\t\tHandynummer\t\t\t\t\t\t\t<\/label>\n\t\t\t\t\t\t\t\t<input size=\"1\" type=\"tel\" name=\"form_fields[field_72230af]\" id=\"form-field-field_72230af\" class=\"elementor-field elementor-size-sm  elementor-field-textual\" placeholder=\"Geben Sie Ihre Handynummer ein, unter der wir Sie erreichen k\u00f6nnen, um Ihre W\u00fcnsche und Tr\u00e4ume zu kl\u00e4ren, sowie am Tag des Treffens (bitte teilen Sie uns mit, wann wir Sie kontaktieren k\u00f6nnen)\" required=\"required\" pattern=\"[0-9()#&amp;+*-=.]+\" title=\"Nur Nummern oder Telefon-Zeichen (#, -, *, etc) werden akzeptiert.\">\n\n\t\t\t\t\t\t<\/div>\n\t\t\t\t\t\t\t\t<div class=\"elementor-field-type-radio elementor-field-group elementor-column elementor-field-group-field_4326042 elementor-col-100 elementor-field-required elementor-mark-required\">\n\t\t\t\t\t\t\t\t\t\t\t\t<label for=\"form-field-field_4326042\" class=\"elementor-field-label\">\n\t\t\t\t\t\t\t\tAllgemeine Gesch\u00e4ftsbedingungen\t\t\t\t\t\t\t<\/label>\n\t\t\t\t\t\t<div class=\"elementor-field-subgroup  \"><span class=\"elementor-field-option\"><input type=\"radio\" value=\"Bitte aktivieren Sie das Kontrollk\u00e4stchen, wenn Sie unsere AGB gelesen und akzeptiert haben\" id=\"form-field-field_4326042-0\" name=\"form_fields[field_4326042]\" required=\"required\"> <label for=\"form-field-field_4326042-0\">Bitte aktivieren Sie das Kontrollk\u00e4stchen, wenn Sie unsere AGB gelesen und akzeptiert haben<\/label><\/span><\/div>\t\t\t\t<\/div>\n\t\t\t\t\t\t\t\t<div class=\"elementor-field-type-frcaptcha elementor-field-group elementor-column elementor-field-group-field_a992587 elementor-col-33\">\n\t\t\t\t\t<div class=\"frc-captcha dark\" data-sitekey=\"FCMSQ6LE0D194L6T\" data-lang=\"de\" ><\/div>\n\t\t<noscript>You need to enable Javascript for the anti-spam check.<\/noscript><style>.frc-captcha {max-width: 100%; width:100%}<\/style><input type=\"frcaptcha text\" name=\"form_fields[field_a992587]\" id=\"form-field-field_a992587\" class=\"elementor-field elementor-size-sm \" style=\"display: none\">\t\t\t\t<\/div>\n\t\t\t\t\t\t\t\t<div class=\"elementor-field-group elementor-column elementor-field-type-submit elementor-col-100 e-form__buttons\">\n\t\t\t\t\t<button class=\"elementor-button elementor-size-sm\" type=\"submit\">\n\t\t\t\t\t\t<span class=\"elementor-button-content-wrapper\">\n\t\t\t\t\t\t\t\t\t\t\t\t\t\t\t\t\t\t\t\t\t\t<span class=\"elementor-button-text\">Jetzt buchen!<\/span>\n\t\t\t\t\t\t\t\t\t\t\t\t\t<\/span>\n\t\t\t\t\t<\/button>\n\t\t\t\t<\/div>\n\t\t\t<\/div>\n\t\t<\/form>\n\t\t\t\t\t\t<\/div>\n\t\t\t\t<\/div>\n\t\t\t\t<\/div>\n\t\t\t\t\t<\/div>\n\t\t\t\t<\/div>\n\t\t\t\t<\/div>\n\t\t","protected":false},"excerpt":{"rendered":"<p>Eliza buchen M\u00f6chten Sie einen Kinky Fetishescort buchen? Es ist angebracht, den respektablen Hauptberuf der Escorts zu erw\u00e4hnen. F\u00fcr ein angenehmes Treffen wird daher empfohlen, fr\u00fchzeitig zu reservieren (best\u00e4tigt durch eine Anzahlung, die mindestens zwei Tage vor dem Rendezvous erfolgt). Es steht Ihnen frei, entweder das Formular zu verwenden oder Ihre Buchungsanfrage an booking@kinky-fetishescort.com zu [&hellip;]<\/p>\n","protected":false},"author":2,"featured_media":0,"parent":1705,"menu_order":0,"comment_status":"closed","ping_status":"closed","template":"","meta":{"_acf_changed":false,"footnotes":""},"class_list":["post-1704","page","type-page","status-publish","hentry"],"acf":[],"yoast_head":"<!-- This site is optimized with the Yoast SEO plugin v26.7 - https:\/\/yoast.com\/wordpress\/plugins\/seo\/ -->\n<title>Eliza buchen - Kinky Fetishescort<\/title>\n<meta name=\"description\" content=\"Buchen Sie eine exklusive Begegnung mit Eliza, einem unserer fesselnden Kinky Fetishescorts. Genie\u00dfen Sie ein pers\u00f6nliches und unvergessliches Erlebnis in einer diskreten und luxuri\u00f6sen Umgebung.\" \/>\n<meta name=\"robots\" content=\"index, follow, max-snippet:-1, max-image-preview:large, max-video-preview:-1\" \/>\n<link rel=\"canonical\" href=\"https:\/\/kinky-fetishescort.com\/de\/buchung\/eliza-buchen\/\" \/>\n<meta property=\"og:locale\" content=\"de_DE\" \/>\n<meta property=\"og:type\" content=\"article\" \/>\n<meta property=\"og:title\" content=\"Eliza buchen - Kinky Fetishescort\" \/>\n<meta property=\"og:description\" content=\"Buchen Sie eine exklusive Begegnung mit Eliza, einem unserer fesselnden Kinky Fetishescorts. Genie\u00dfen Sie ein pers\u00f6nliches und unvergessliches Erlebnis in einer diskreten und luxuri\u00f6sen Umgebung.\" \/>\n<meta property=\"og:url\" content=\"https:\/\/kinky-fetishescort.com\/de\/buchung\/eliza-buchen\/\" \/>\n<meta property=\"og:site_name\" content=\"Kinky Fetishescort\" \/>\n<meta property=\"article:modified_time\" content=\"2025-12-27T18:45:55+00:00\" \/>\n<meta property=\"og:image\" content=\"https:\/\/kinky-fetishescort.com\/wp-content\/uploads\/2025\/05\/06-eliza.webp\" \/>\n\t<meta property=\"og:image:width\" content=\"720\" \/>\n\t<meta property=\"og:image:height\" content=\"1080\" \/>\n\t<meta property=\"og:image:type\" content=\"image\/webp\" \/>\n<meta name=\"twitter:card\" content=\"summary_large_image\" \/>\n<script type=\"application\/ld+json\" class=\"yoast-schema-graph\">{\"@context\":\"https:\/\/schema.org\",\"@graph\":[{\"@type\":\"WebPage\",\"@id\":\"https:\/\/kinky-fetishescort.com\/de\/buchung\/eliza-buchen\/\",\"url\":\"https:\/\/kinky-fetishescort.com\/de\/buchung\/eliza-buchen\/\",\"name\":\"Eliza buchen - Kinky Fetishescort\",\"isPartOf\":{\"@id\":\"https:\/\/kinky-fetishescort.com\/de\/#website\"},\"primaryImageOfPage\":{\"@id\":\"https:\/\/kinky-fetishescort.com\/de\/buchung\/eliza-buchen\/#primaryimage\"},\"image\":{\"@id\":\"https:\/\/kinky-fetishescort.com\/de\/buchung\/eliza-buchen\/#primaryimage\"},\"thumbnailUrl\":\"https:\/\/kinky-fetishescort.com\/wp-content\/uploads\/2025\/05\/06-eliza-683x1024.webp\",\"datePublished\":\"2025-08-12T16:15:18+00:00\",\"dateModified\":\"2025-12-27T18:45:55+00:00\",\"description\":\"Buchen Sie eine exklusive Begegnung mit Eliza, einem unserer fesselnden Kinky Fetishescorts. Genie\u00dfen Sie ein pers\u00f6nliches und unvergessliches Erlebnis in einer diskreten und luxuri\u00f6sen Umgebung.\",\"breadcrumb\":{\"@id\":\"https:\/\/kinky-fetishescort.com\/de\/buchung\/eliza-buchen\/#breadcrumb\"},\"inLanguage\":\"de\",\"potentialAction\":[{\"@type\":\"ReadAction\",\"target\":[\"https:\/\/kinky-fetishescort.com\/de\/buchung\/eliza-buchen\/\"]}]},{\"@type\":\"ImageObject\",\"inLanguage\":\"de\",\"@id\":\"https:\/\/kinky-fetishescort.com\/de\/buchung\/eliza-buchen\/#primaryimage\",\"url\":\"https:\/\/kinky-fetishescort.com\/wp-content\/uploads\/2025\/05\/06-eliza-683x1024.webp\",\"contentUrl\":\"https:\/\/kinky-fetishescort.com\/wp-content\/uploads\/2025\/05\/06-eliza-683x1024.webp\"},{\"@type\":\"BreadcrumbList\",\"@id\":\"https:\/\/kinky-fetishescort.com\/de\/buchung\/eliza-buchen\/#breadcrumb\",\"itemListElement\":[{\"@type\":\"ListItem\",\"position\":1,\"name\":\"Home\",\"item\":\"https:\/\/kinky-fetishescort.com\/de\/kinky-fetishescorts\/\"},{\"@type\":\"ListItem\",\"position\":2,\"name\":\"Buchung\",\"item\":\"https:\/\/kinky-fetishescort.com\/de\/buchung\/\"},{\"@type\":\"ListItem\",\"position\":3,\"name\":\"Eliza buchen\"}]},{\"@type\":\"WebSite\",\"@id\":\"https:\/\/kinky-fetishescort.com\/de\/#website\",\"url\":\"https:\/\/kinky-fetishescort.com\/de\/\",\"name\":\"Kinky Fetishescort\",\"description\":\"\",\"publisher\":{\"@id\":\"https:\/\/kinky-fetishescort.com\/de\/#organization\"},\"potentialAction\":[{\"@type\":\"SearchAction\",\"target\":{\"@type\":\"EntryPoint\",\"urlTemplate\":\"https:\/\/kinky-fetishescort.com\/de\/?s={search_term_string}\"},\"query-input\":{\"@type\":\"PropertyValueSpecification\",\"valueRequired\":true,\"valueName\":\"search_term_string\"}}],\"inLanguage\":\"de\"},{\"@type\":\"Organization\",\"@id\":\"https:\/\/kinky-fetishescort.com\/de\/#organization\",\"name\":\"Kinky Fetishescort\",\"url\":\"https:\/\/kinky-fetishescort.com\/de\/\",\"logo\":{\"@type\":\"ImageObject\",\"inLanguage\":\"de\",\"@id\":\"https:\/\/kinky-fetishescort.com\/de\/#\/schema\/logo\/image\/\",\"url\":\"https:\/\/kinky-fetishescort.com\/wp-content\/uploads\/2025\/09\/Logo-Kinky-Fetishescort.png\",\"contentUrl\":\"https:\/\/kinky-fetishescort.com\/wp-content\/uploads\/2025\/09\/Logo-Kinky-Fetishescort.png\",\"width\":450,\"height\":100,\"caption\":\"Kinky Fetishescort\"},\"image\":{\"@id\":\"https:\/\/kinky-fetishescort.com\/de\/#\/schema\/logo\/image\/\"}}]}<\/script>\n<!-- \/ Yoast SEO plugin. -->","yoast_head_json":{"title":"Eliza buchen - Kinky Fetishescort","description":"Buchen Sie eine exklusive Begegnung mit Eliza, einem unserer fesselnden Kinky Fetishescorts. Genie\u00dfen Sie ein pers\u00f6nliches und unvergessliches Erlebnis in einer diskreten und luxuri\u00f6sen Umgebung.","robots":{"index":"index","follow":"follow","max-snippet":"max-snippet:-1","max-image-preview":"max-image-preview:large","max-video-preview":"max-video-preview:-1"},"canonical":"https:\/\/kinky-fetishescort.com\/de\/buchung\/eliza-buchen\/","og_locale":"de_DE","og_type":"article","og_title":"Eliza buchen - Kinky Fetishescort","og_description":"Buchen Sie eine exklusive Begegnung mit Eliza, einem unserer fesselnden Kinky Fetishescorts. Genie\u00dfen Sie ein pers\u00f6nliches und unvergessliches Erlebnis in einer diskreten und luxuri\u00f6sen Umgebung.","og_url":"https:\/\/kinky-fetishescort.com\/de\/buchung\/eliza-buchen\/","og_site_name":"Kinky Fetishescort","article_modified_time":"2025-12-27T18:45:55+00:00","og_image":[{"width":720,"height":1080,"url":"https:\/\/kinky-fetishescort.com\/wp-content\/uploads\/2025\/05\/06-eliza.webp","type":"image\/webp"}],"twitter_card":"summary_large_image","schema":{"@context":"https:\/\/schema.org","@graph":[{"@type":"WebPage","@id":"https:\/\/kinky-fetishescort.com\/de\/buchung\/eliza-buchen\/","url":"https:\/\/kinky-fetishescort.com\/de\/buchung\/eliza-buchen\/","name":"Eliza buchen - Kinky Fetishescort","isPartOf":{"@id":"https:\/\/kinky-fetishescort.com\/de\/#website"},"primaryImageOfPage":{"@id":"https:\/\/kinky-fetishescort.com\/de\/buchung\/eliza-buchen\/#primaryimage"},"image":{"@id":"https:\/\/kinky-fetishescort.com\/de\/buchung\/eliza-buchen\/#primaryimage"},"thumbnailUrl":"https:\/\/kinky-fetishescort.com\/wp-content\/uploads\/2025\/05\/06-eliza-683x1024.webp","datePublished":"2025-08-12T16:15:18+00:00","dateModified":"2025-12-27T18:45:55+00:00","description":"Buchen Sie eine exklusive Begegnung mit Eliza, einem unserer fesselnden Kinky Fetishescorts. Genie\u00dfen Sie ein pers\u00f6nliches und unvergessliches Erlebnis in einer diskreten und luxuri\u00f6sen Umgebung.","breadcrumb":{"@id":"https:\/\/kinky-fetishescort.com\/de\/buchung\/eliza-buchen\/#breadcrumb"},"inLanguage":"de","potentialAction":[{"@type":"ReadAction","target":["https:\/\/kinky-fetishescort.com\/de\/buchung\/eliza-buchen\/"]}]},{"@type":"ImageObject","inLanguage":"de","@id":"https:\/\/kinky-fetishescort.com\/de\/buchung\/eliza-buchen\/#primaryimage","url":"https:\/\/kinky-fetishescort.com\/wp-content\/uploads\/2025\/05\/06-eliza-683x1024.webp","contentUrl":"https:\/\/kinky-fetishescort.com\/wp-content\/uploads\/2025\/05\/06-eliza-683x1024.webp"},{"@type":"BreadcrumbList","@id":"https:\/\/kinky-fetishescort.com\/de\/buchung\/eliza-buchen\/#breadcrumb","itemListElement":[{"@type":"ListItem","position":1,"name":"Home","item":"https:\/\/kinky-fetishescort.com\/de\/kinky-fetishescorts\/"},{"@type":"ListItem","position":2,"name":"Buchung","item":"https:\/\/kinky-fetishescort.com\/de\/buchung\/"},{"@type":"ListItem","position":3,"name":"Eliza buchen"}]},{"@type":"WebSite","@id":"https:\/\/kinky-fetishescort.com\/de\/#website","url":"https:\/\/kinky-fetishescort.com\/de\/","name":"Kinky Fetishescort","description":"","publisher":{"@id":"https:\/\/kinky-fetishescort.com\/de\/#organization"},"potentialAction":[{"@type":"SearchAction","target":{"@type":"EntryPoint","urlTemplate":"https:\/\/kinky-fetishescort.com\/de\/?s={search_term_string}"},"query-input":{"@type":"PropertyValueSpecification","valueRequired":true,"valueName":"search_term_string"}}],"inLanguage":"de"},{"@type":"Organization","@id":"https:\/\/kinky-fetishescort.com\/de\/#organization","name":"Kinky Fetishescort","url":"https:\/\/kinky-fetishescort.com\/de\/","logo":{"@type":"ImageObject","inLanguage":"de","@id":"https:\/\/kinky-fetishescort.com\/de\/#\/schema\/logo\/image\/","url":"https:\/\/kinky-fetishescort.com\/wp-content\/uploads\/2025\/09\/Logo-Kinky-Fetishescort.png","contentUrl":"https:\/\/kinky-fetishescort.com\/wp-content\/uploads\/2025\/09\/Logo-Kinky-Fetishescort.png","width":450,"height":100,"caption":"Kinky Fetishescort"},"image":{"@id":"https:\/\/kinky-fetishescort.com\/de\/#\/schema\/logo\/image\/"}}]}},"_links":{"self":[{"href":"https:\/\/kinky-fetishescort.com\/de\/wp-json\/wp\/v2\/pages\/1704","targetHints":{"allow":["GET"]}}],"collection":[{"href":"https:\/\/kinky-fetishescort.com\/de\/wp-json\/wp\/v2\/pages"}],"about":[{"href":"https:\/\/kinky-fetishescort.com\/de\/wp-json\/wp\/v2\/types\/page"}],"author":[{"embeddable":true,"href":"https:\/\/kinky-fetishescort.com\/de\/wp-json\/wp\/v2\/users\/2"}],"replies":[{"embeddable":true,"href":"https:\/\/kinky-fetishescort.com\/de\/wp-json\/wp\/v2\/comments?post=1704"}],"version-history":[{"count":2,"href":"https:\/\/kinky-fetishescort.com\/de\/wp-json\/wp\/v2\/pages\/1704\/revisions"}],"predecessor-version":[{"id":1707,"href":"https:\/\/kinky-fetishescort.com\/de\/wp-json\/wp\/v2\/pages\/1704\/revisions\/1707"}],"up":[{"embeddable":true,"href":"https:\/\/kinky-fetishescort.com\/de\/wp-json\/wp\/v2\/pages\/1705"}],"wp:attachment":[{"href":"https:\/\/kinky-fetishescort.com\/de\/wp-json\/wp\/v2\/media?parent=1704"}],"curies":[{"name":"wp","href":"https:\/\/api.w.org\/{rel}","templated":true}]}}