{"id":1667,"date":"2025-09-19T12:21:01","date_gmt":"2025-09-19T12:21:01","guid":{"rendered":"https:\/\/kinky-fetishescort.com\/links\/"},"modified":"2025-12-27T18:42:32","modified_gmt":"2025-12-27T18:42:32","slug":"links","status":"publish","type":"page","link":"https:\/\/kinky-fetishescort.com\/de\/links\/","title":{"rendered":"Links"},"content":{"rendered":"\t\t<div data-elementor-type=\"wp-page\" data-elementor-id=\"1667\" class=\"elementor elementor-1667 elementor-938\" data-elementor-post-type=\"page\">\n\t\t\t\t<div class=\"elementor-element elementor-element-44b7eaa e-flex e-con-boxed e-con e-parent\" data-id=\"44b7eaa\" data-element_type=\"container\" data-settings=\"{&quot;background_background&quot;:&quot;slideshow&quot;,&quot;background_slideshow_gallery&quot;:[{&quot;id&quot;:89,&quot;url&quot;:&quot;https:\\\/\\\/kinky-fetishescort.com\\\/wp-content\\\/uploads\\\/2025\\\/05\\\/01-hero.webp&quot;},{&quot;id&quot;:113,&quot;url&quot;:&quot;https:\\\/\\\/kinky-fetishescort.com\\\/wp-content\\\/uploads\\\/2025\\\/05\\\/16-koko.webp&quot;},{&quot;id&quot;:73,&quot;url&quot;:&quot;https:\\\/\\\/kinky-fetishescort.com\\\/wp-content\\\/uploads\\\/2025\\\/05\\\/05-eliza.webp&quot;},{&quot;id&quot;:86,&quot;url&quot;:&quot;https:\\\/\\\/kinky-fetishescort.com\\\/wp-content\\\/uploads\\\/2025\\\/05\\\/05-xena.webp&quot;}],&quot;background_slideshow_ken_burns&quot;:&quot;yes&quot;,&quot;background_slideshow_loop&quot;:&quot;yes&quot;,&quot;background_slideshow_slide_duration&quot;:5000,&quot;background_slideshow_slide_transition&quot;:&quot;fade&quot;,&quot;background_slideshow_transition_duration&quot;:500,&quot;background_slideshow_ken_burns_zoom_direction&quot;:&quot;in&quot;}\">\n\t\t\t\t\t<div class=\"e-con-inner\">\n\t\t\t\t\t<\/div>\n\t\t\t\t<\/div>\n\t\t<div class=\"elementor-element elementor-element-ecd609f e-flex e-con-boxed e-con e-parent\" data-id=\"ecd609f\" data-element_type=\"container\">\n\t\t\t\t\t<div class=\"e-con-inner\">\n\t\t<div class=\"elementor-element elementor-element-949f271 e-con-full e-flex e-con e-child\" data-id=\"949f271\" data-element_type=\"container\">\n\t\t\t\t<div class=\"elementor-element elementor-element-a584757 elementor-widget elementor-widget-heading\" data-id=\"a584757\" data-element_type=\"widget\" data-widget_type=\"heading.default\">\n\t\t\t\t<div class=\"elementor-widget-container\">\n\t\t\t\t\t<h1 class=\"elementor-heading-title elementor-size-default\">Links<\/h1>\t\t\t\t<\/div>\n\t\t\t\t<\/div>\n\t\t\t\t<div class=\"elementor-element elementor-element-e357392 elementor-widget-divider--view-line elementor-widget elementor-widget-divider\" data-id=\"e357392\" data-element_type=\"widget\" data-widget_type=\"divider.default\">\n\t\t\t\t<div class=\"elementor-widget-container\">\n\t\t\t\t\t\t\t<div class=\"elementor-divider\">\n\t\t\t<span class=\"elementor-divider-separator\">\n\t\t\t\t\t\t<\/span>\n\t\t<\/div>\n\t\t\t\t\t\t<\/div>\n\t\t\t\t<\/div>\n\t\t\t\t<\/div>\n\t\t\t\t<div class=\"elementor-element elementor-element-79fa06d elementor-widget elementor-widget-text-editor\" data-id=\"79fa06d\" data-element_type=\"widget\" data-widget_type=\"text-editor.default\">\n\t\t\t\t<div class=\"elementor-widget-container\">\n\t\t\t\t\t\t\t\t\t<div id=\"zHLs4W\" class=\"text-box layout-element__component layout-element__component--GridTextBox\" data-v-5567603e=\"\" data-qa=\"gridtextbox:zhls4w\">Auf dieser Seite finden Sie eine kuratierte Auswahl an Links zu erotischen Webseiten und Ressourcen rund um die Welt der Escorts. Von Fetisch-Inspirationen bis hin zu exklusiven Plattformen \u2013 diese Empfehlungen sollen Sie zu noch aufregenderen Entdeckungen und Vergn\u00fcgungen jenseits unserer eigenen Escort-Erlebnisse f\u00fchren. Erkunden, genie\u00dfen und lassen Sie sich von Ihrer Neugier leiten.<\/div>\t\t\t\t\t\t\t\t<\/div>\n\t\t\t\t<\/div>\n\t\t<div class=\"elementor-element elementor-element-c9efed0 e-con-full e-flex e-con e-child\" data-id=\"c9efed0\" data-element_type=\"container\">\n\t\t\t\t<div class=\"elementor-element elementor-element-8955ba7 elementor-icon-list--layout-traditional elementor-list-item-link-full_width elementor-widget elementor-widget-icon-list\" data-id=\"8955ba7\" data-element_type=\"widget\" data-widget_type=\"icon-list.default\">\n\t\t\t\t<div class=\"elementor-widget-container\">\n\t\t\t\t\t\t\t<ul class=\"elementor-icon-list-items\">\n\t\t\t\t\t\t\t<li class=\"elementor-icon-list-item\">\n\t\t\t\t\t\t\t\t\t\t\t<a href=\"https:\/\/openadultdirectory.com\/bdsm\" target=\"_blank\">\n\n\t\t\t\t\t\t\t\t\t\t\t\t<span class=\"elementor-icon-list-icon\">\n\t\t\t\t\t\t\t<svg aria-hidden=\"true\" class=\"e-font-icon-svg e-fas-external-link-alt\" viewBox=\"0 0 512 512\" xmlns=\"http:\/\/www.w3.org\/2000\/svg\"><path d=\"M432,320H400a16,16,0,0,0-16,16V448H64V128H208a16,16,0,0,0,16-16V80a16,16,0,0,0-16-16H48A48,48,0,0,0,0,112V464a48,48,0,0,0,48,48H400a48,48,0,0,0,48-48V336A16,16,0,0,0,432,320ZM488,0h-128c-21.37,0-32.05,25.91-17,41l35.73,35.73L135,320.37a24,24,0,0,0,0,34L157.67,377a24,24,0,0,0,34,0L435.28,133.32,471,169c15,15,41,4.5,41-17V24A24,24,0,0,0,488,0Z\"><\/path><\/svg>\t\t\t\t\t\t<\/span>\n\t\t\t\t\t\t\t\t\t\t<span class=\"elementor-icon-list-text\">OpenAdultDirectory.com<\/span>\n\t\t\t\t\t\t\t\t\t\t\t<\/a>\n\t\t\t\t\t\t\t\t\t<\/li>\n\t\t\t\t\t\t\t\t<li class=\"elementor-icon-list-item\">\n\t\t\t\t\t\t\t\t\t\t\t<a href=\"https:\/\/www.kinky-fetishescort.com\/links\" target=\"_blank\">\n\n\t\t\t\t\t\t\t\t\t\t\t\t<span class=\"elementor-icon-list-icon\">\n\t\t\t\t\t\t\t<svg aria-hidden=\"true\" class=\"e-font-icon-svg e-fas-external-link-alt\" viewBox=\"0 0 512 512\" xmlns=\"http:\/\/www.w3.org\/2000\/svg\"><path d=\"M432,320H400a16,16,0,0,0-16,16V448H64V128H208a16,16,0,0,0,16-16V80a16,16,0,0,0-16-16H48A48,48,0,0,0,0,112V464a48,48,0,0,0,48,48H400a48,48,0,0,0,48-48V336A16,16,0,0,0,432,320ZM488,0h-128c-21.37,0-32.05,25.91-17,41l35.73,35.73L135,320.37a24,24,0,0,0,0,34L157.67,377a24,24,0,0,0,34,0L435.28,133.32,471,169c15,15,41,4.5,41-17V24A24,24,0,0,0,488,0Z\"><\/path><\/svg>\t\t\t\t\t\t<\/span>\n\t\t\t\t\t\t\t\t\t\t<span class=\"elementor-icon-list-text\">Escort-Galerie<\/span>\n\t\t\t\t\t\t\t\t\t\t\t<\/a>\n\t\t\t\t\t\t\t\t\t<\/li>\n\t\t\t\t\t\t\t\t<li class=\"elementor-icon-list-item\">\n\t\t\t\t\t\t\t\t\t\t\t<a href=\"https:\/\/www.happyescorts.com\/\" target=\"_blank\">\n\n\t\t\t\t\t\t\t\t\t\t\t\t<span class=\"elementor-icon-list-icon\">\n\t\t\t\t\t\t\t<svg aria-hidden=\"true\" class=\"e-font-icon-svg e-fas-external-link-alt\" viewBox=\"0 0 512 512\" xmlns=\"http:\/\/www.w3.org\/2000\/svg\"><path d=\"M432,320H400a16,16,0,0,0-16,16V448H64V128H208a16,16,0,0,0,16-16V80a16,16,0,0,0-16-16H48A48,48,0,0,0,0,112V464a48,48,0,0,0,48,48H400a48,48,0,0,0,48-48V336A16,16,0,0,0,432,320ZM488,0h-128c-21.37,0-32.05,25.91-17,41l35.73,35.73L135,320.37a24,24,0,0,0,0,34L157.67,377a24,24,0,0,0,34,0L435.28,133.32,471,169c15,15,41,4.5,41-17V24A24,24,0,0,0,488,0Z\"><\/path><\/svg>\t\t\t\t\t\t<\/span>\n\t\t\t\t\t\t\t\t\t\t<span class=\"elementor-icon-list-text\">HappyEscorts.com - Gr\u00f6\u00dfte Escort-Suchmaschine<\/span>\n\t\t\t\t\t\t\t\t\t\t\t<\/a>\n\t\t\t\t\t\t\t\t\t<\/li>\n\t\t\t\t\t\t<\/ul>\n\t\t\t\t\t\t<\/div>\n\t\t\t\t<\/div>\n\t\t\t\t<\/div>\n\t\t\t\t\t<\/div>\n\t\t\t\t<\/div>\n\t\t\t\t<\/div>\n\t\t","protected":false},"excerpt":{"rendered":"<p>Links Auf dieser Seite finden Sie eine kuratierte Auswahl an Links zu erotischen Webseiten und Ressourcen rund um die Welt der Escorts. Von Fetisch-Inspirationen bis hin zu exklusiven Plattformen \u2013 diese Empfehlungen sollen Sie zu noch aufregenderen Entdeckungen und Vergn\u00fcgungen jenseits unserer eigenen Escort-Erlebnisse f\u00fchren. Erkunden, genie\u00dfen und lassen Sie sich von Ihrer Neugier leiten. [&hellip;]<\/p>\n","protected":false},"author":2,"featured_media":0,"parent":0,"menu_order":0,"comment_status":"closed","ping_status":"closed","template":"","meta":{"_acf_changed":false,"footnotes":""},"class_list":["post-1667","page","type-page","status-publish","hentry"],"acf":[],"yoast_head":"<!-- This site is optimized with the Yoast SEO plugin v26.7 - https:\/\/yoast.com\/wordpress\/plugins\/seo\/ -->\n<title>Links - Kinky Fetishescort<\/title>\n<meta name=\"description\" content=\"Entdecken Sie eine kuratierte Auswahl an erotischen Webseiten und Ressourcen rund um die Welt der Escorts. Erfahren Sie mehr \u00fcber Kinky Fetishescorts und Erwachsenenerlebnisse.\" \/>\n<meta name=\"robots\" content=\"index, follow, max-snippet:-1, max-image-preview:large, max-video-preview:-1\" \/>\n<link rel=\"canonical\" href=\"https:\/\/kinky-fetishescort.com\/de\/links\/\" \/>\n<meta property=\"og:locale\" content=\"de_DE\" \/>\n<meta property=\"og:type\" content=\"article\" \/>\n<meta property=\"og:title\" content=\"Links - Kinky Fetishescort\" \/>\n<meta property=\"og:description\" content=\"Entdecken Sie eine kuratierte Auswahl an erotischen Webseiten und Ressourcen rund um die Welt der Escorts. Erfahren Sie mehr \u00fcber Kinky Fetishescorts und Erwachsenenerlebnisse.\" \/>\n<meta property=\"og:url\" content=\"https:\/\/kinky-fetishescort.com\/de\/links\/\" \/>\n<meta property=\"og:site_name\" content=\"Kinky Fetishescort\" \/>\n<meta property=\"article:modified_time\" content=\"2025-12-27T18:42:32+00:00\" \/>\n<meta name=\"twitter:card\" content=\"summary_large_image\" \/>\n<script type=\"application\/ld+json\" class=\"yoast-schema-graph\">{\"@context\":\"https:\/\/schema.org\",\"@graph\":[{\"@type\":\"WebPage\",\"@id\":\"https:\/\/kinky-fetishescort.com\/de\/links\/\",\"url\":\"https:\/\/kinky-fetishescort.com\/de\/links\/\",\"name\":\"Links - Kinky Fetishescort\",\"isPartOf\":{\"@id\":\"https:\/\/kinky-fetishescort.com\/de\/#website\"},\"datePublished\":\"2025-09-19T12:21:01+00:00\",\"dateModified\":\"2025-12-27T18:42:32+00:00\",\"description\":\"Entdecken Sie eine kuratierte Auswahl an erotischen Webseiten und Ressourcen rund um die Welt der Escorts. Erfahren Sie mehr \u00fcber Kinky Fetishescorts und Erwachsenenerlebnisse.\",\"breadcrumb\":{\"@id\":\"https:\/\/kinky-fetishescort.com\/de\/links\/#breadcrumb\"},\"inLanguage\":\"de\",\"potentialAction\":[{\"@type\":\"ReadAction\",\"target\":[\"https:\/\/kinky-fetishescort.com\/de\/links\/\"]}]},{\"@type\":\"BreadcrumbList\",\"@id\":\"https:\/\/kinky-fetishescort.com\/de\/links\/#breadcrumb\",\"itemListElement\":[{\"@type\":\"ListItem\",\"position\":1,\"name\":\"Home\",\"item\":\"https:\/\/kinky-fetishescort.com\/de\/kinky-fetishescorts\/\"},{\"@type\":\"ListItem\",\"position\":2,\"name\":\"Links\"}]},{\"@type\":\"WebSite\",\"@id\":\"https:\/\/kinky-fetishescort.com\/de\/#website\",\"url\":\"https:\/\/kinky-fetishescort.com\/de\/\",\"name\":\"Kinky Fetishescort\",\"description\":\"\",\"publisher\":{\"@id\":\"https:\/\/kinky-fetishescort.com\/de\/#organization\"},\"potentialAction\":[{\"@type\":\"SearchAction\",\"target\":{\"@type\":\"EntryPoint\",\"urlTemplate\":\"https:\/\/kinky-fetishescort.com\/de\/?s={search_term_string}\"},\"query-input\":{\"@type\":\"PropertyValueSpecification\",\"valueRequired\":true,\"valueName\":\"search_term_string\"}}],\"inLanguage\":\"de\"},{\"@type\":\"Organization\",\"@id\":\"https:\/\/kinky-fetishescort.com\/de\/#organization\",\"name\":\"Kinky Fetishescort\",\"url\":\"https:\/\/kinky-fetishescort.com\/de\/\",\"logo\":{\"@type\":\"ImageObject\",\"inLanguage\":\"de\",\"@id\":\"https:\/\/kinky-fetishescort.com\/de\/#\/schema\/logo\/image\/\",\"url\":\"https:\/\/kinky-fetishescort.com\/wp-content\/uploads\/2025\/09\/Logo-Kinky-Fetishescort.png\",\"contentUrl\":\"https:\/\/kinky-fetishescort.com\/wp-content\/uploads\/2025\/09\/Logo-Kinky-Fetishescort.png\",\"width\":450,\"height\":100,\"caption\":\"Kinky Fetishescort\"},\"image\":{\"@id\":\"https:\/\/kinky-fetishescort.com\/de\/#\/schema\/logo\/image\/\"}}]}<\/script>\n<!-- \/ Yoast SEO plugin. -->","yoast_head_json":{"title":"Links - Kinky Fetishescort","description":"Entdecken Sie eine kuratierte Auswahl an erotischen Webseiten und Ressourcen rund um die Welt der Escorts. Erfahren Sie mehr \u00fcber Kinky Fetishescorts und Erwachsenenerlebnisse.","robots":{"index":"index","follow":"follow","max-snippet":"max-snippet:-1","max-image-preview":"max-image-preview:large","max-video-preview":"max-video-preview:-1"},"canonical":"https:\/\/kinky-fetishescort.com\/de\/links\/","og_locale":"de_DE","og_type":"article","og_title":"Links - Kinky Fetishescort","og_description":"Entdecken Sie eine kuratierte Auswahl an erotischen Webseiten und Ressourcen rund um die Welt der Escorts. Erfahren Sie mehr \u00fcber Kinky Fetishescorts und Erwachsenenerlebnisse.","og_url":"https:\/\/kinky-fetishescort.com\/de\/links\/","og_site_name":"Kinky Fetishescort","article_modified_time":"2025-12-27T18:42:32+00:00","twitter_card":"summary_large_image","schema":{"@context":"https:\/\/schema.org","@graph":[{"@type":"WebPage","@id":"https:\/\/kinky-fetishescort.com\/de\/links\/","url":"https:\/\/kinky-fetishescort.com\/de\/links\/","name":"Links - Kinky Fetishescort","isPartOf":{"@id":"https:\/\/kinky-fetishescort.com\/de\/#website"},"datePublished":"2025-09-19T12:21:01+00:00","dateModified":"2025-12-27T18:42:32+00:00","description":"Entdecken Sie eine kuratierte Auswahl an erotischen Webseiten und Ressourcen rund um die Welt der Escorts. Erfahren Sie mehr \u00fcber Kinky Fetishescorts und Erwachsenenerlebnisse.","breadcrumb":{"@id":"https:\/\/kinky-fetishescort.com\/de\/links\/#breadcrumb"},"inLanguage":"de","potentialAction":[{"@type":"ReadAction","target":["https:\/\/kinky-fetishescort.com\/de\/links\/"]}]},{"@type":"BreadcrumbList","@id":"https:\/\/kinky-fetishescort.com\/de\/links\/#breadcrumb","itemListElement":[{"@type":"ListItem","position":1,"name":"Home","item":"https:\/\/kinky-fetishescort.com\/de\/kinky-fetishescorts\/"},{"@type":"ListItem","position":2,"name":"Links"}]},{"@type":"WebSite","@id":"https:\/\/kinky-fetishescort.com\/de\/#website","url":"https:\/\/kinky-fetishescort.com\/de\/","name":"Kinky Fetishescort","description":"","publisher":{"@id":"https:\/\/kinky-fetishescort.com\/de\/#organization"},"potentialAction":[{"@type":"SearchAction","target":{"@type":"EntryPoint","urlTemplate":"https:\/\/kinky-fetishescort.com\/de\/?s={search_term_string}"},"query-input":{"@type":"PropertyValueSpecification","valueRequired":true,"valueName":"search_term_string"}}],"inLanguage":"de"},{"@type":"Organization","@id":"https:\/\/kinky-fetishescort.com\/de\/#organization","name":"Kinky Fetishescort","url":"https:\/\/kinky-fetishescort.com\/de\/","logo":{"@type":"ImageObject","inLanguage":"de","@id":"https:\/\/kinky-fetishescort.com\/de\/#\/schema\/logo\/image\/","url":"https:\/\/kinky-fetishescort.com\/wp-content\/uploads\/2025\/09\/Logo-Kinky-Fetishescort.png","contentUrl":"https:\/\/kinky-fetishescort.com\/wp-content\/uploads\/2025\/09\/Logo-Kinky-Fetishescort.png","width":450,"height":100,"caption":"Kinky Fetishescort"},"image":{"@id":"https:\/\/kinky-fetishescort.com\/de\/#\/schema\/logo\/image\/"}}]}},"_links":{"self":[{"href":"https:\/\/kinky-fetishescort.com\/de\/wp-json\/wp\/v2\/pages\/1667","targetHints":{"allow":["GET"]}}],"collection":[{"href":"https:\/\/kinky-fetishescort.com\/de\/wp-json\/wp\/v2\/pages"}],"about":[{"href":"https:\/\/kinky-fetishescort.com\/de\/wp-json\/wp\/v2\/types\/page"}],"author":[{"embeddable":true,"href":"https:\/\/kinky-fetishescort.com\/de\/wp-json\/wp\/v2\/users\/2"}],"replies":[{"embeddable":true,"href":"https:\/\/kinky-fetishescort.com\/de\/wp-json\/wp\/v2\/comments?post=1667"}],"version-history":[{"count":1,"href":"https:\/\/kinky-fetishescort.com\/de\/wp-json\/wp\/v2\/pages\/1667\/revisions"}],"predecessor-version":[{"id":1668,"href":"https:\/\/kinky-fetishescort.com\/de\/wp-json\/wp\/v2\/pages\/1667\/revisions\/1668"}],"wp:attachment":[{"href":"https:\/\/kinky-fetishescort.com\/de\/wp-json\/wp\/v2\/media?parent=1667"}],"curies":[{"name":"wp","href":"https:\/\/api.w.org\/{rel}","templated":true}]}}